{"id":2283,"date":"2025-09-03T18:13:59","date_gmt":"2025-09-03T16:13:59","guid":{"rendered":"https:\/\/iniciativas-innovadoras.es\/por-que\/"},"modified":"2025-10-09T13:49:38","modified_gmt":"2025-10-09T11:49:38","slug":"pourquoi","status":"publish","type":"page","link":"https:\/\/iniciativas-innovadoras.es\/fr\/pourquoi\/","title":{"rendered":"Pourquoi Iniciativas Innovadoras?"},"content":{"rendered":"<div class=\"et_pb_section_0 et_pb_section et_section_regular et_block_section\">\n<div class=\"et_pb_row_0 et_pb_row et_flex_row\">\n<div class=\"et_pb_column_0 et_pb_column et_block_column et_pb_column_empty et_pb_css_mix_blend_mode_passthrough et_flex_column_24_24 et_flex_column_24_24_tablet et_flex_column_24_24_phone et_flex_column_24_24_ultraWide\"><\/div>\n\n<div class=\"et_pb_column_1 et_pb_column et-last-child et_flex_column et_pb_css_mix_blend_mode_passthrough et_flex_column_24_24 et_flex_column_24_24_tablet et_flex_column_24_24_phone\">\n<div class=\"et_pb_text_0 et_pb_text et_pb_bg_layout_light et_animated et_pb_module et_flex_module\"><div class=\"et_pb_text_inner\"><h1>Pourquoi<br \/>Iniciativas<br \/>Innovadoras?<\/h1>\n<\/div><\/div>\n\n<div class=\"et_pb_text_1 et_pb_text et_pb_bg_layout_light et_animated et_pb_module et_flex_module\"><div class=\"et_pb_text_inner\"><ol class=\"breadcrumbs\" itemscope itemtype=\"http:\/\/schema.org\/BreadcrumbList\"><li itemprop=\"itemListElement\" itemscope itemtype=\"http:\/\/schema.org\/ListItem\"><a itemprop=\"item\" href=\"https:\/\/iniciativas-innovadoras.es\/fr\/\"><span itemprop=\"name\">Accueil<\/span><\/a><meta itemprop=\"position\" content=\"1\"><\/li><\/ol>\n<\/div><\/div>\n<\/div>\n<\/div>\n<\/div>\n\n<div class=\"et_pb_section_1 et_pb_section et_section_regular et_flex_section\">\n<div class=\"et_pb_row_1 et_pb_row et_flex_row et_animated\">\n<div class=\"et_pb_column_2 et_pb_column et-last-child et_flex_column et_pb_css_mix_blend_mode_passthrough et_flex_column_24_24 et_flex_column_24_24_tablet et_flex_column_24_24_phone et_flex_column_24_24_widescreen et_flex_column_24_24_ultraWide\">\n<div class=\"et_pb_text_2 et_pb_text et_pb_bg_layout_light et_pb_module et_flex_module\"><div class=\"et_pb_text_inner\"><p>Parce que nous vous aidons \u00e0 r\u00e9aliser vos projets, en nous engageant dans toutes les phases de leur d\u00e9veloppement.<\/p>\n<\/div><\/div>\n\n<div class=\"et_pb_text_3 et_pb_text et_pb_bg_layout_light et_pb_module et_flex_module trigger-black\"><div class=\"et_pb_text_inner\"><p>Orienter votre id\u00e9e, trouver l'approche la plus innovante, rechercher les financements et les collaborations les plus appropri\u00e9es et veiller au respect des exigences administratives, sont des domaines dans lesquels nous pouvons vous aider gr\u00e2ce \u00e0 notre longue exp\u00e9rience.<\/p>\n<\/div><\/div>\n<\/div>\n<\/div>\n<\/div>\n\n<div class=\"et_pb_section_2 et_pb_section et_section_regular et_flex_section\">\n<div class=\"et_pb_row_2 et_pb_row et_flex_row et_animated\">\n<div class=\"et_pb_column_3 et_pb_column et-last-child et_flex_column et_pb_css_mix_blend_mode_passthrough et_flex_column_24_24 et_flex_column_24_24_tablet et_flex_column_24_24_phone et_flex_column_24_24_widescreen et_flex_column_24_24_ultraWide\">\n<div class=\"et_pb_text_4 et_pb_text et_pb_bg_layout_light et_pb_module et_flex_module\"><div class=\"et_pb_text_inner\"><h2>Comment nous vous aidons<\/h2>\n<\/div><\/div>\n\n<div class=\"et_pb_text_5 et_pb_text et_pb_bg_layout_light et_pb_module et_flex_module\"><div class=\"et_pb_text_inner\"><p>Nous fournissons des services de conseil aux entreprises, organisations et entit\u00e9s publiques pour la conception, le d\u00e9veloppement, le financement, la gestion et la communication de projets, ainsi que pour l'\u00e9laboration et la coordination de plans de d'\u00e9tudes.<\/p>\n<\/div><\/div>\n\n<div class=\"et_pb_module et_pb_button_module_wrapper et_pb_button_0_wrapper\"><a class=\"et_pb_button_0 et_pb_button et_pb_bg_layout_dark et_pb_module et_flex_module\" href=\"https:\/\/iniciativas-innovadoras.es\/fr\/services\/\">D\u00e9couvrez nos services<\/a><\/div>\n<\/div>\n<\/div>\n<\/div>\n\n<div class=\"et_pb_section_3 et_pb_section et_section_regular et_flex_section\">\n<div class=\"et_pb_row_3 et_pb_row et_flex_row et_animated\">\n<div class=\"et_pb_column_4 et_pb_column et_flex_column et_pb_css_mix_blend_mode_passthrough et_flex_column_24_24 et_flex_column_24_24_tablet et_flex_column_24_24_phone et_flex_column_24_24_widescreen et_flex_column_24_24_ultraWide\">\n<div class=\"et_pb_image_0 et_pb_image et_pb_module et_flex_module\"><span class=\"et_pb_image_wrap\"><img loading=\"lazy\" decoding=\"async\" src=\"https:\/\/iniciativas-innovadoras.es\/wp-content\/uploads\/2025\/09\/conceptualizacion.png\" width=\"792\" height=\"581\" srcset=\"https:\/\/iniciativas-innovadoras.es\/wp-content\/uploads\/2025\/09\/conceptualizacion.png 792w, https:\/\/iniciativas-innovadoras.es\/wp-content\/uploads\/2025\/09\/conceptualizacion-480x352.png 480w\" sizes=\"(min-width: 0px) and (max-width: 480px) 480px, (min-width: 481px) 792px, 100vw\" class=\"wp-image-920\" title=\"Conceptualizaci\u00f3n\" alt=\"Conceptualizaci\u00f3n\" \/><\/span><\/div>\n<\/div>\n\n<div class=\"et_pb_column_5 et_pb_column et-last-child et_flex_column et_pb_css_mix_blend_mode_passthrough et_flex_column_24_24 et_flex_column_24_24_tablet et_flex_column_24_24_phone et_flex_column_24_24_widescreen et_flex_column_24_24_ultraWide\">\n<div class=\"et_pb_text_6 et_pb_text et_pb_bg_layout_light et_pb_module et_flex_module\"><div class=\"et_pb_text_inner\"><p>Conceptualisation<\/p>\n<\/div><\/div>\n\n<div class=\"et_pb_text_7 et_pb_text et_pb_bg_layout_light et_pb_module et_flex_module\"><div class=\"et_pb_text_inner\"><h3>Vous avez peut-\u00eatre une id\u00e9e concr\u00e8te. Ou peut-\u00eatre pas encore.<\/h3>\n<\/div><\/div>\n\n<div class=\"et_pb_text_8 et_pb_text et_pb_bg_layout_light et_pb_module et_flex_module\"><div class=\"et_pb_text_inner\"><p>Nous analysons vos id\u00e9es et vous aidons \u00e0 les orienter pour les transformer en propositions susceptibles d'\u00eatre financ\u00e9es, ou nous vous conseillons sur des opportunit\u00e9s int\u00e9ressantes, en fonction de votre domaine d'activit\u00e9.<\/p>\n<\/div><\/div>\n<\/div>\n<\/div>\n<\/div>\n\n<div class=\"et_pb_section_4 et_pb_section et_section_regular et_flex_section\">\n<div class=\"et_pb_row_4 et_pb_row et_flex_row et_animated\">\n<div class=\"et_pb_column_6 et_pb_column et_flex_column et_pb_css_mix_blend_mode_passthrough et_flex_column_24_24 et_flex_column_24_24_tablet et_flex_column_24_24_phone et_flex_column_24_24_widescreen et_flex_column_24_24_ultraWide\">\n<div class=\"et_pb_text_9 et_pb_text et_pb_bg_layout_light et_pb_module et_flex_module\"><div class=\"et_pb_text_inner\" data-et-mv-hidden-ultrawide=\"true\"><p>Pr\u00e9paration de propositions<\/p>\n<\/div><\/div>\n\n<div class=\"et_pb_text_10 et_pb_text et_pb_bg_layout_light et_pb_module et_flex_module\"><div class=\"et_pb_text_inner\"><h3>Nous nous occupons de tout<\/h3>\n<\/div><\/div>\n\n<div class=\"et_pb_text_11 et_pb_text et_pb_bg_layout_light et_pb_module et_flex_module\"><div class=\"et_pb_text_inner\"><p>Nous vous conseillons dans le choix de l'appel \u00e0 projets le plus appropri\u00e9, dans la recherche des meilleurs partenaires, dans la r\u00e9daction et la pr\u00e9sentation de la proposition et dans la n\u00e9gociation du Contrat.<\/p>\n<\/div><\/div>\n<\/div>\n\n<div class=\"et_pb_column_7 et_pb_column et-last-child et_flex_column et_pb_css_mix_blend_mode_passthrough et_flex_column_24_24 et_flex_column_24_24_tablet et_flex_column_24_24_phone et_flex_column_24_24_widescreen et_flex_column_24_24_ultraWide\">\n<div class=\"et_pb_image_1 et_pb_image et_pb_module et_flex_module\"><span class=\"et_pb_image_wrap\"><img loading=\"lazy\" decoding=\"async\" src=\"https:\/\/iniciativas-innovadoras.es\/wp-content\/uploads\/2025\/09\/preparacion.png\" width=\"790\" height=\"679\" srcset=\"https:\/\/iniciativas-innovadoras.es\/wp-content\/uploads\/2025\/09\/preparacion.png 790w, https:\/\/iniciativas-innovadoras.es\/wp-content\/uploads\/2025\/09\/preparacion-480x413.png 480w\" sizes=\"(min-width: 0px) and (max-width: 480px) 480px, (min-width: 481px) 790px, 100vw\" class=\"wp-image-928\" title=\"Preparaci\u00f3n de propuestas\" alt=\"Preparaci\u00f3n de propuestas\" \/><\/span><\/div>\n<\/div>\n<\/div>\n<\/div>\n\n<div class=\"et_pb_section_5 et_pb_section et_section_regular et_flex_section\">\n<div class=\"et_pb_row_5 et_pb_row et_flex_row et_animated\">\n<div class=\"et_pb_column_8 et_pb_column et_flex_column et_pb_css_mix_blend_mode_passthrough et_flex_column_24_24 et_flex_column_24_24_tablet et_flex_column_24_24_phone et_flex_column_24_24_widescreen et_flex_column_24_24_ultraWide\">\n<div class=\"et_pb_image_2 et_pb_image et_pb_module et_flex_module\"><span class=\"et_pb_image_wrap\"><img loading=\"lazy\" decoding=\"async\" src=\"https:\/\/iniciativas-innovadoras.es\/wp-content\/uploads\/2025\/09\/servicio-integral.png\" width=\"792\" height=\"673\" srcset=\"https:\/\/iniciativas-innovadoras.es\/wp-content\/uploads\/2025\/09\/servicio-integral.png 792w, https:\/\/iniciativas-innovadoras.es\/wp-content\/uploads\/2025\/09\/servicio-integral-480x408.png 480w\" sizes=\"(min-width: 0px) and (max-width: 480px) 480px, (min-width: 481px) 792px, 100vw\" class=\"wp-image-932\" title=\"Servicio integral\" alt=\"Servicio integral\" \/><\/span><\/div>\n<\/div>\n\n<div class=\"et_pb_column_9 et_pb_column et-last-child et_flex_column et_pb_css_mix_blend_mode_passthrough et_flex_column_24_24 et_flex_column_24_24_tablet et_flex_column_24_24_phone et_flex_column_24_24_widescreen et_flex_column_24_24_ultraWide\">\n<div class=\"et_pb_text_12 et_pb_text et_pb_bg_layout_light et_pb_module et_flex_module\"><div class=\"et_pb_text_inner\"><p>Service complet<\/p>\n<\/div><\/div>\n\n<div class=\"et_pb_text_13 et_pb_text et_pb_bg_layout_light et_pb_module et_flex_module\"><div class=\"et_pb_text_inner\"><h3>Du d\u00e9but \u00e0 la fin<\/h3>\n<\/div><\/div>\n\n<div class=\"et_pb_text_14 et_pb_text et_pb_bg_layout_light et_pb_module et_flex_module\"><div class=\"et_pb_text_inner\"><p>Nous vous accompagnons dans l'ex\u00e9cution du projet, en vous conseillant sur les aspects r\u00e9glementaires, en assurant la coordination et la justification administrative et financi\u00e8re, afin que vous puissiez consacrer vos efforts au d\u00e9veloppement technique.<\/p>\n<\/div><\/div>\n<\/div>\n<\/div>\n<\/div>\n\n<div class=\"et_pb_section_6 et_pb_section et_section_regular et_flex_section\">\n<div class=\"et_pb_row_6 et_pb_row et_flex_row et_animated\">\n<div class=\"et_pb_column_10 et_pb_column et_flex_column et_pb_css_mix_blend_mode_passthrough et_flex_column_24_24 et_flex_column_24_24_tablet et_flex_column_24_24_phone et_flex_column_24_24_widescreen et_flex_column_24_24_ultraWide\">\n<div class=\"et_pb_text_15 et_pb_text et_pb_bg_layout_light et_pb_module et_flex_module\"><div class=\"et_pb_text_inner\"><p>Am\u00e9lioration de propositions<\/p>\n<\/div><\/div>\n\n<div class=\"et_pb_text_16 et_pb_text et_pb_bg_layout_light et_pb_module et_flex_module\"><div class=\"et_pb_text_inner\"><h3>Nouvelles opportunit\u00e9s<\/h3>\n<\/div><\/div>\n\n<div class=\"et_pb_text_17 et_pb_text et_pb_bg_layout_light et_pb_module et_flex_module trigger-black\"><div class=\"et_pb_text_inner\" data-et-mv-hidden-widescreen=\"true\"><p>Nous vous aidons \u00e0 am\u00e9liorer les propositions qui n'ont pas abouti et \u00e0 maximiser leurs chances de succ\u00e8s.<\/p>\n<\/div><\/div>\n<\/div>\n\n<div class=\"et_pb_column_11 et_pb_column et-last-child et_flex_column et_pb_css_mix_blend_mode_passthrough et_flex_column_24_24 et_flex_column_24_24_tablet et_flex_column_24_24_phone et_flex_column_24_24_widescreen et_flex_column_24_24_ultraWide\">\n<div class=\"et_pb_image_3 et_pb_image et_pb_module et_flex_module\"><span class=\"et_pb_image_wrap\"><img loading=\"lazy\" decoding=\"async\" src=\"https:\/\/iniciativas-innovadoras.es\/wp-content\/uploads\/2025\/09\/nuevas-oportunidades.png\" width=\"790\" height=\"611\" srcset=\"https:\/\/iniciativas-innovadoras.es\/wp-content\/uploads\/2025\/09\/nuevas-oportunidades.png 790w, https:\/\/iniciativas-innovadoras.es\/wp-content\/uploads\/2025\/09\/nuevas-oportunidades-480x371.png 480w\" sizes=\"(min-width: 0px) and (max-width: 480px) 480px, (min-width: 481px) 790px, 100vw\" class=\"wp-image-924\" title=\"Mejora de propuestas\" alt=\"Mejora de propuestas\" \/><\/span><\/div>\n<\/div>\n<\/div>\n<\/div>\n\n<div class=\"et_pb_section_7 et_pb_section et_section_regular et_flex_section\">\n<div class=\"et_pb_row_7 et_pb_row et_flex_row et_animated\">\n<div class=\"et_pb_column_12 et_pb_column et_flex_column et_pb_css_mix_blend_mode_passthrough et_flex_column_24_24 et_flex_column_24_24_tablet et_flex_column_24_24_phone et_flex_column_24_24_widescreen et_flex_column_24_24_ultraWide\">\n<div class=\"et_pb_text_18 et_pb_text et_pb_bg_layout_light et_pb_module et_flex_module\"><div class=\"et_pb_text_inner\"><h2>Succ\u00e8s<\/h2>\n<\/div><\/div>\n\n<div class=\"et_pb_text_19 et_pb_text et_pb_bg_layout_light et_pb_module et_flex_module trigger-black\"><div class=\"et_pb_text_inner\"><p>Nous d\u00e9passons largement les taux d'approbation des propositions pour les programmes et les appels \u00e0 projets auxquels nous participons.<\/p>\n<\/div><\/div>\n<\/div>\n\n<div class=\"et_pb_column_13 et_pb_column et_flex_column et_pb_css_mix_blend_mode_passthrough et_flex_column_24_24 et_flex_column_24_24_tablet et_flex_column_24_24_phone et_flex_column_24_24_widescreen et_flex_column_24_24_ultraWide\">\n<div class=\"et_pb_text_20 et_pb_text et_pb_bg_layout_light et_pb_module et_flex_module\"><div class=\"et_pb_text_inner\"><h2>Exp\u00e9rience<\/h2>\n<\/div><\/div>\n\n<div class=\"et_pb_text_21 et_pb_text et_pb_bg_layout_light et_pb_module et_flex_module\"><div class=\"et_pb_text_inner\"><p>Plus de 20 ans d'exp\u00e9rience dans nos domaines d'expertise, soutenus par un large portefeuille de projets, de clients et de collaborations.<\/p>\n<\/div><\/div>\n<\/div>\n\n<div class=\"et_pb_column_14 et_pb_column et-last-child et_flex_column et_pb_css_mix_blend_mode_passthrough et_flex_column_24_24 et_flex_column_24_24_tablet et_flex_column_24_24_phone et_flex_column_24_24_widescreen et_flex_column_24_24_ultraWide\">\n<div class=\"et_pb_text_22 et_pb_text et_pb_bg_layout_light et_pb_module et_flex_module\"><div class=\"et_pb_text_inner\"><h2>Approche<\/h2>\n<\/div><\/div>\n\n<div class=\"et_pb_text_23 et_pb_text et_pb_bg_layout_light et_pb_module et_flex_module\"><div class=\"et_pb_text_inner\"><p>Nous comprenons la r\u00e9alit\u00e9 de votre organisation et vos besoins, et nous sommes capables d'identifier des opportunit\u00e9s et de les transformer en projets.<\/p>\n<\/div><\/div>\n<\/div>\n<\/div>\n<\/div>\n\n<div class=\"et_pb_section_8 et_pb_section et_section_regular et_block_section\">\n<div class=\"et_pb_row_8 et_pb_row et_flex_row et_animated\">\n<div class=\"et_pb_column_15 et_pb_column et-last-child et_block_column et_pb_css_mix_blend_mode_passthrough et_flex_column_24_24 et_flex_column_24_24_tablet et_flex_column_24_24_phone et_flex_column_24_24_widescreen et_flex_column_24_24_ultraWide\">\n<div class=\"et_pb_text_24 et_pb_text et_pb_bg_layout_light et_pb_module et_flex_module cta-text\"><div class=\"et_pb_text_inner\"><p>Vous avez un projet innovant et vous recherchez un financement ?<\/p>\n<\/div><\/div>\n\n<div class=\"et_pb_module et_pb_button_module_wrapper et_pb_button_1_wrapper\"><a class=\"et_pb_button_1 et_pb_button et_pb_bg_layout_light et_pb_module et_flex_module btn btn-primary btn-primary-top trigger-black\" href=\"https:\/\/iniciativas-innovadoras.es\/fr\/contactez-nous\/\">Contactez-nous<\/a><\/div>\n<\/div>\n<\/div>\n<\/div>","protected":false},"excerpt":{"rendered":"","protected":false},"author":1,"featured_media":0,"parent":0,"menu_order":0,"comment_status":"closed","ping_status":"closed","template":"page-imagen.php","meta":{"_acf_changed":false,"inline_featured_image":false,"footnotes":""},"class_list":["post-2283","page","type-page","status-publish","hentry"],"acf":[],"yoast_head":"<!-- This site is optimized with the Yoast SEO plugin v27.4 - https:\/\/yoast.com\/product\/yoast-seo-wordpress\/ -->\n<title>Pourquoi Iniciativas Innovadoras? - Iniciativas Innovadoras<\/title>\n<meta name=\"robots\" content=\"index, follow, max-snippet:-1, max-image-preview:large, max-video-preview:-1\" \/>\n<link rel=\"canonical\" href=\"https:\/\/iniciativas-innovadoras.es\/fr\/pourquoi\/\" \/>\n<meta property=\"og:locale\" content=\"fr_FR\" \/>\n<meta property=\"og:type\" content=\"article\" \/>\n<meta property=\"og:title\" content=\"Pourquoi Iniciativas Innovadoras? - Iniciativas Innovadoras\" \/>\n<meta property=\"og:url\" content=\"https:\/\/iniciativas-innovadoras.es\/fr\/pourquoi\/\" \/>\n<meta property=\"og:site_name\" content=\"Iniciativas Innovadoras\" \/>\n<meta property=\"article:modified_time\" content=\"2025-10-09T11:49:38+00:00\" \/>\n<meta property=\"og:image\" content=\"https:\/\/iniciativas-innovadoras.es\/wp-content\/uploads\/2025\/10\/frontend.jpg\" \/>\n\t<meta property=\"og:image:width\" content=\"1200\" \/>\n\t<meta property=\"og:image:height\" content=\"675\" \/>\n\t<meta property=\"og:image:type\" content=\"image\/jpeg\" \/>\n<meta name=\"twitter:card\" content=\"summary_large_image\" \/>\n<meta name=\"twitter:site\" content=\"@iniciativas_in\" \/>\n<script type=\"application\/ld+json\" class=\"yoast-schema-graph\">{\"@context\":\"https:\\\/\\\/schema.org\",\"@graph\":[{\"@type\":\"WebPage\",\"@id\":\"https:\\\/\\\/iniciativas-innovadoras.es\\\/fr\\\/pourquoi\\\/\",\"url\":\"https:\\\/\\\/iniciativas-innovadoras.es\\\/fr\\\/pourquoi\\\/\",\"name\":\"Pourquoi Iniciativas Innovadoras? - Iniciativas Innovadoras\",\"isPartOf\":{\"@id\":\"https:\\\/\\\/iniciativas-innovadoras.es\\\/fr\\\/#website\"},\"datePublished\":\"2025-09-03T16:13:59+00:00\",\"dateModified\":\"2025-10-09T11:49:38+00:00\",\"breadcrumb\":{\"@id\":\"https:\\\/\\\/iniciativas-innovadoras.es\\\/fr\\\/pourquoi\\\/#breadcrumb\"},\"inLanguage\":\"fr-FR\",\"potentialAction\":[{\"@type\":\"ReadAction\",\"target\":[\"https:\\\/\\\/iniciativas-innovadoras.es\\\/fr\\\/pourquoi\\\/\"]}]},{\"@type\":\"BreadcrumbList\",\"@id\":\"https:\\\/\\\/iniciativas-innovadoras.es\\\/fr\\\/pourquoi\\\/#breadcrumb\",\"itemListElement\":[{\"@type\":\"ListItem\",\"position\":1,\"name\":\"Portada\",\"item\":\"https:\\\/\\\/iniciativas-innovadoras.es\\\/fr\\\/\"},{\"@type\":\"ListItem\",\"position\":2,\"name\":\"Pourquoi Iniciativas Innovadoras?\"}]},{\"@type\":\"WebSite\",\"@id\":\"https:\\\/\\\/iniciativas-innovadoras.es\\\/fr\\\/#website\",\"url\":\"https:\\\/\\\/iniciativas-innovadoras.es\\\/fr\\\/\",\"name\":\"Iniciativas Innovadoras\",\"description\":\"Transformamos ideas en proyectos\",\"publisher\":{\"@id\":\"https:\\\/\\\/iniciativas-innovadoras.es\\\/fr\\\/#organization\"},\"potentialAction\":[{\"@type\":\"SearchAction\",\"target\":{\"@type\":\"EntryPoint\",\"urlTemplate\":\"https:\\\/\\\/iniciativas-innovadoras.es\\\/fr\\\/?s={search_term_string}\"},\"query-input\":{\"@type\":\"PropertyValueSpecification\",\"valueRequired\":true,\"valueName\":\"search_term_string\"}}],\"inLanguage\":\"fr-FR\"},{\"@type\":\"Organization\",\"@id\":\"https:\\\/\\\/iniciativas-innovadoras.es\\\/fr\\\/#organization\",\"name\":\"Iniciativas Innovadoras\",\"url\":\"https:\\\/\\\/iniciativas-innovadoras.es\\\/fr\\\/\",\"logo\":{\"@type\":\"ImageObject\",\"inLanguage\":\"fr-FR\",\"@id\":\"https:\\\/\\\/iniciativas-innovadoras.es\\\/fr\\\/#\\\/schema\\\/logo\\\/image\\\/\",\"url\":\"https:\\\/\\\/iniciativas-innovadoras.es\\\/wp-content\\\/uploads\\\/2025\\\/10\\\/iniciativas-innovadoras-logo-vertical.png\",\"contentUrl\":\"https:\\\/\\\/iniciativas-innovadoras.es\\\/wp-content\\\/uploads\\\/2025\\\/10\\\/iniciativas-innovadoras-logo-vertical.png\",\"width\":696,\"height\":696,\"caption\":\"Iniciativas Innovadoras\"},\"image\":{\"@id\":\"https:\\\/\\\/iniciativas-innovadoras.es\\\/fr\\\/#\\\/schema\\\/logo\\\/image\\\/\"},\"sameAs\":[\"https:\\\/\\\/x.com\\\/iniciativas_in\",\"https:\\\/\\\/www.linkedin.com\\\/company\\\/iniciativasinnovadoras\\\/\"]}]}<\/script>\n<!-- \/ Yoast SEO plugin. -->","yoast_head_json":{"title":"Pourquoi Iniciativas Innovadoras? - Iniciativas Innovadoras","robots":{"index":"index","follow":"follow","max-snippet":"max-snippet:-1","max-image-preview":"max-image-preview:large","max-video-preview":"max-video-preview:-1"},"canonical":"https:\/\/iniciativas-innovadoras.es\/fr\/pourquoi\/","og_locale":"fr_FR","og_type":"article","og_title":"Pourquoi Iniciativas Innovadoras? - Iniciativas Innovadoras","og_url":"https:\/\/iniciativas-innovadoras.es\/fr\/pourquoi\/","og_site_name":"Iniciativas Innovadoras","article_modified_time":"2025-10-09T11:49:38+00:00","og_image":[{"width":1200,"height":675,"url":"https:\/\/iniciativas-innovadoras.es\/wp-content\/uploads\/2025\/10\/frontend.jpg","type":"image\/jpeg"}],"twitter_card":"summary_large_image","twitter_site":"@iniciativas_in","schema":{"@context":"https:\/\/schema.org","@graph":[{"@type":"WebPage","@id":"https:\/\/iniciativas-innovadoras.es\/fr\/pourquoi\/","url":"https:\/\/iniciativas-innovadoras.es\/fr\/pourquoi\/","name":"Pourquoi Iniciativas Innovadoras? - Iniciativas Innovadoras","isPartOf":{"@id":"https:\/\/iniciativas-innovadoras.es\/fr\/#website"},"datePublished":"2025-09-03T16:13:59+00:00","dateModified":"2025-10-09T11:49:38+00:00","breadcrumb":{"@id":"https:\/\/iniciativas-innovadoras.es\/fr\/pourquoi\/#breadcrumb"},"inLanguage":"fr-FR","potentialAction":[{"@type":"ReadAction","target":["https:\/\/iniciativas-innovadoras.es\/fr\/pourquoi\/"]}]},{"@type":"BreadcrumbList","@id":"https:\/\/iniciativas-innovadoras.es\/fr\/pourquoi\/#breadcrumb","itemListElement":[{"@type":"ListItem","position":1,"name":"Portada","item":"https:\/\/iniciativas-innovadoras.es\/fr\/"},{"@type":"ListItem","position":2,"name":"Pourquoi Iniciativas Innovadoras?"}]},{"@type":"WebSite","@id":"https:\/\/iniciativas-innovadoras.es\/fr\/#website","url":"https:\/\/iniciativas-innovadoras.es\/fr\/","name":"Iniciativas Innovadoras","description":"Transformamos ideas en proyectos","publisher":{"@id":"https:\/\/iniciativas-innovadoras.es\/fr\/#organization"},"potentialAction":[{"@type":"SearchAction","target":{"@type":"EntryPoint","urlTemplate":"https:\/\/iniciativas-innovadoras.es\/fr\/?s={search_term_string}"},"query-input":{"@type":"PropertyValueSpecification","valueRequired":true,"valueName":"search_term_string"}}],"inLanguage":"fr-FR"},{"@type":"Organization","@id":"https:\/\/iniciativas-innovadoras.es\/fr\/#organization","name":"Iniciativas Innovadoras","url":"https:\/\/iniciativas-innovadoras.es\/fr\/","logo":{"@type":"ImageObject","inLanguage":"fr-FR","@id":"https:\/\/iniciativas-innovadoras.es\/fr\/#\/schema\/logo\/image\/","url":"https:\/\/iniciativas-innovadoras.es\/wp-content\/uploads\/2025\/10\/iniciativas-innovadoras-logo-vertical.png","contentUrl":"https:\/\/iniciativas-innovadoras.es\/wp-content\/uploads\/2025\/10\/iniciativas-innovadoras-logo-vertical.png","width":696,"height":696,"caption":"Iniciativas Innovadoras"},"image":{"@id":"https:\/\/iniciativas-innovadoras.es\/fr\/#\/schema\/logo\/image\/"},"sameAs":["https:\/\/x.com\/iniciativas_in","https:\/\/www.linkedin.com\/company\/iniciativasinnovadoras\/"]}]}},"_links":{"self":[{"href":"https:\/\/iniciativas-innovadoras.es\/fr\/wp-json\/wp\/v2\/pages\/2283","targetHints":{"allow":["GET"]}}],"collection":[{"href":"https:\/\/iniciativas-innovadoras.es\/fr\/wp-json\/wp\/v2\/pages"}],"about":[{"href":"https:\/\/iniciativas-innovadoras.es\/fr\/wp-json\/wp\/v2\/types\/page"}],"author":[{"embeddable":true,"href":"https:\/\/iniciativas-innovadoras.es\/fr\/wp-json\/wp\/v2\/users\/1"}],"replies":[{"embeddable":true,"href":"https:\/\/iniciativas-innovadoras.es\/fr\/wp-json\/wp\/v2\/comments?post=2283"}],"version-history":[{"count":3,"href":"https:\/\/iniciativas-innovadoras.es\/fr\/wp-json\/wp\/v2\/pages\/2283\/revisions"}],"predecessor-version":[{"id":2459,"href":"https:\/\/iniciativas-innovadoras.es\/fr\/wp-json\/wp\/v2\/pages\/2283\/revisions\/2459"}],"wp:attachment":[{"href":"https:\/\/iniciativas-innovadoras.es\/fr\/wp-json\/wp\/v2\/media?parent=2283"}],"curies":[{"name":"wp","href":"https:\/\/api.w.org\/{rel}","templated":true}]}}