{"id":2260,"date":"2025-09-07T12:58:52","date_gmt":"2025-09-07T10:58:52","guid":{"rendered":"https:\/\/iniciativas-innovadoras.es\/politica-de-cookies\/"},"modified":"2025-10-10T15:18:13","modified_gmt":"2025-10-10T13:18:13","slug":"politique-de-cookies","status":"publish","type":"page","link":"https:\/\/iniciativas-innovadoras.es\/fr\/politique-de-cookies\/","title":{"rendered":"Politique de cookies"},"content":{"rendered":"<div class=\"et_pb_section_0 et_pb_section et_section_regular et_flex_section\">\n<div class=\"et_pb_row_0 et_pb_row et_flex_row et_animated\">\n<div class=\"et_pb_column_0 et_pb_column et-last-child et_flex_column et_pb_css_mix_blend_mode_passthrough et_flex_column_24_24 et_flex_column_24_24_tablet et_flex_column_24_24_phone et_flex_column_24_24_widescreen et_flex_column_24_24_ultraWide\">\n<div class=\"et_pb_text_0 et_pb_text et_pb_bg_layout_light et_pb_module et_flex_module preset--module--divi-text--xehwm5m9c2\"><div class=\"et_pb_text_inner\"><h1>Politique de cookies<\/h1>\n<\/div><\/div>\n\n<div class=\"et_pb_text_1 et_pb_text et_pb_bg_layout_light et_pb_module et_flex_module\"><div class=\"et_pb_text_inner\"><ol class=\"breadcrumbs\" itemscope itemtype=\"http:\/\/schema.org\/BreadcrumbList\"><li itemprop=\"itemListElement\" itemscope itemtype=\"http:\/\/schema.org\/ListItem\"><a itemprop=\"item\" href=\"https:\/\/iniciativas-innovadoras.es\/fr\/\"><span itemprop=\"name\">Accueil<\/span><\/a><meta itemprop=\"position\" content=\"1\"><\/li><\/ol>\n<\/div><\/div>\n\n<div class=\"et_pb_text_2 et_pb_text et_pb_bg_layout_light et_pb_module et_flex_module content-legal\"><div class=\"et_pb_text_inner\"><p>En INICIATIVAS INNOVADORAS, S.A.L. utilizamos las cookies u otros archivos de funcionalidad similar (en adelante, \u201ccookies\u201d) para prestarle un mejor servicio y proporcionarle una mejor experiencia de navegaci\u00f3n. INICIATIVAS INNOVADORAS, S.A.L. es responsable de las cookies y del tratamiento de los datos obtenidos a trav\u00e9s de estas, ya sean propias o de terceros, decidiendo sobre la finalidad, contenido y uso del tratamiento de la informaci\u00f3n recabada.<\/p>\n<p>El objetivo de esta pol\u00edtica es informarle de manera clara y detallada de qu\u00e9 es una cookie, cu\u00e1l es su finalidad, qu\u00e9 tipo de cookies utilizamos y c\u00f3mo configurarlas o en su caso deshabilitarlas.<\/p>\n<p>La aceptaci\u00f3n de la presente Pol\u00edtica implica que el usuario ha sido informado de forma clara y completa sobre el uso de dispositivos de almacenamiento y recuperaci\u00f3n de datos (cookies) as\u00ed como que INICIATIVAS INNOVADORAS, S.A.L. dispone del consentimiento del usuario para el uso de las mismas en los t\u00e9rminos del art\u00edculo 22 de la Ley 34\/2002, de 11 de julio, de Servicios de la Sociedad de la Informaci\u00f3n y Comercio Electr\u00f3nico (LSSICE).<\/p>\n<p>INICIATIVAS INNOVADORAS, S.A.L. como editor y responsable de este sitio web desea informarle que esta p\u00e1gina web emplea cookies propias y de terceros anal\u00edticas para la elaboraci\u00f3n de perfiles basados en h\u00e1bitos de navegaci\u00f3n del usuario. Debe saber que compartimos la informaci\u00f3n sobre el uso que hace de nuestra web con Google, quien puede combinarla con otra informaci\u00f3n que le haya proporcionado o que haya recopilado a partir del uso que haya hecho de sus servicios.<\/p>\n<p>La aceptaci\u00f3n de la presente Pol\u00edtica implica que el usuario ha sido informado de forma clara y completa sobre el uso de dispositivos de almacenamiento y recuperaci\u00f3n de datos (cookies) as\u00ed como que INICIATIVAS INNOVADORAS, S.A.L. dispone del consentimiento del usuario para el uso de las mismas en los t\u00e9rminos del art\u00edculo 22 de la Ley 34\/2002, de 11 de julio, de Servicios de la Sociedad de la Informaci\u00f3n y Comercio Electr\u00f3nico (LSSICE).<\/p>\n<p>\u00a0<\/p>\n<p>1. \u00bfQu\u00e9 es una cookie y para qu\u00e9 sirve?<\/p>\n<p>\u00a0<\/p>\n<p>Una cookie es un fichero que se descarga en su ordenador, smartphone, tablet, etc. al acceder a determinadas p\u00e1ginas web. Las cookies permiten a una p\u00e1gina web, entre otras cosas, almacenar y recuperar informaci\u00f3n sobre los h\u00e1bitos de navegaci\u00f3n de un usuario o de su equipo y, dependiendo de la informaci\u00f3n que contengan y de la forma en que utilice su equipo, pueden utilizarse para reconocer al usuario.<\/p>\n<p>El conjunto de \"cookies\" de todos nuestros usuarios nos ayuda a mejorar la calidad de nuestra web, permiti\u00e9ndonos controlar qu\u00e9 p\u00e1ginas son \u00fatiles, cu\u00e1les no y cu\u00e1les son susceptibles de mejora. En ning\u00fan caso las cookies podr\u00edan da\u00f1ar tu equipo. Por contra, el que est\u00e9n activas nos ayuda a identificar y resolver los errores.<\/p>\n<p>\u00a0<\/p>\n<p>2. \u00bfClasificaci\u00f3n de las cookies?<\/p>\n<p>\u00a0<\/p>\n<p>Las cookies pueden clasificarse:<\/p>\n<p>Seg\u00fan la entidad que la gestiona:<br \/>Cookies propias: son aquellas que se env\u00edan a tu equipo desde nuestros propios equipos o dominios y desde el que prestamos el servicio que nos solicitas.<br \/>Cookies de terceros: son aquellas que se env\u00edan a tu equipo desde un equipo o dominio que no es gestionado por nosotros, sino por otra entidad colaboradora. Como por ejemplo, las usadas por redes sociales.<br \/>Seg\u00fan el plazo de tiempo que permanecen activadas:<br \/>Cookies de sesi\u00f3n: son cookies temporales que permanecen en el archivo de cookies de tu navegador hasta que abandonas la p\u00e1gina web, por lo que ninguna queda registrada en el disco duro de tu ordenador. La informaci\u00f3n obtenida por medio de estas cookies, sirven para analizar pautas de tr\u00e1fico en la web.<br \/>Cookies persistentes: son almacenadas en el disco duro y nuestra web las lee cada vez que realizas una nueva visita. Una cookie permanente posee una fecha de expiraci\u00f3n determinada. La cookie dejar\u00e1 de funcionar despu\u00e9s de esa fecha.<br \/>Seg\u00fan su finalidad:<br \/>Cookies t\u00e9cnicas: son aquellas necesarias para la navegaci\u00f3n y el buen funcionamiento de nuestra p\u00e1gina web. Permiten, por ejemplo, controlar el tr\u00e1fico y la comunicaci\u00f3n de datos, o compartir contenidos a trav\u00e9s de redes sociales.<br \/>Cookies de personalizaci\u00f3n: son aqu\u00e9llas que te permiten acceder al servicio con unas caracter\u00edsticas predefinidas en funci\u00f3n de una serie de criterios, como por ejemplo el idioma, el tipo de navegador a trav\u00e9s del cual se accede al servicio, la configuraci\u00f3n regional desde donde se accede al servicio, etc.<br \/>Cookies de an\u00e1lisis: son aqu\u00e9llas que, tratadas por nosotros o por terceros, nos permiten cuantificar el n\u00famero de usuarios y as\u00ed realizar la medici\u00f3n y an\u00e1lisis estad\u00edstico de la utilizaci\u00f3n que hacen los usuarios del servicio ofertado. Para ello se analiza su navegaci\u00f3n en nuestra p\u00e1gina web con el fin de mejorar la oferta de productos o servicios que te ofrecemos.<br \/>Cookies publicitarias: son aqu\u00e9llas que permiten la gesti\u00f3n, de la forma m\u00e1s eficaz posible, de los espacios publicitarios que se pudieran incluir en nuestra p\u00e1gina web.<br \/>Cookies de publicidad comportamental: estas cookies almacenan informaci\u00f3n del comportamiento de los usuarios obtenida a trav\u00e9s de la observaci\u00f3n continuada. Gracias a ellas, podemos conocer los h\u00e1bitos de<\/p>\n<p>3. Cookies que usamos en la web www.iniciativas-innovadoras.es<\/p>\n<p>\u00a0<\/p>\n<p>En cumplimiento con lo establecido en el art\u00edculo 22.2 de la Ley de Servicios de la Sociedad de la Informaci\u00f3n y del Comercio Electr\u00f3nico (LSSI) y en adecuaci\u00f3n con la Directiva Europea 2009\/136\/CE, CONAL le informa y usted presta su consentimiento para la utilizaci\u00f3n de cookies en nuestra web por la mera navegaci\u00f3n por la misma.<\/p>\n<p>\u00a0<\/p>\n<p>A. Cookies Anal\u00edticas<\/p>\n<p>Le informamos que empleamos cookies de an\u00e1lisis. La aplicaci\u00f3n que utilizamos para obtener y analizar la informaci\u00f3n de la navegaci\u00f3n es: Google Analytics: www.google.com\/analytics\/ y https:\/\/developers.google.com\/analytics\/devguides\/collection\/analyticsjs\/cookie-usage que es un servicio prestado por Google Inc, un compa\u00f1\u00eda de Delaware cuya oficina principal est\u00e1 en 1600 Amphitheatre Parkway, Mountain View (California), CA 94043, Estados Unidos (\u201cGoogle\u201d).<\/p>\n<p>Google Analytics utiliza \"cookies\", que son archivos de texto ubicados en su ordenador, para ayudar al website a analizar el uso que hacen los usuarios del sitio web. La informaci\u00f3n que genera la cookie acerca de su uso del website (incluyendo su direcci\u00f3n IP) ser\u00e1 directamente transmitida y archivada por Google en sus servidores. Google usar\u00e1 esta informaci\u00f3n por cuenta nuestra con el prop\u00f3sito de seguir la pista de su uso del website, recopilando informes de la actividad del website y prestando otros servicios relacionados con la actividad del website y el uso de Internet. Google podr\u00e1 transmitir dicha informaci\u00f3n a terceros cuando as\u00ed se lo requiera la legislaci\u00f3n, o cuando dichos terceros procesen la informaci\u00f3n por cuenta de Google. Google no asociar\u00e1 su direcci\u00f3n IP con ning\u00fan otro dato del que disponga Google.<\/p>\n<p>Google Analytics es una herramienta sencilla y f\u00e1cil de usar que ayuda a los propietarios de sitios web a medir c\u00f3mo interact\u00faan los usuarios con el contenido del sitio. Cuando un usuario navega por las p\u00e1ginas de un sitio web, Google Analytics proporciona al propietario de dicho sitio etiquetas JavaScript (bibliotecas) para registrar la informaci\u00f3n sobre la p\u00e1gina que ha visto un usuario, por ejemplo, la URL de la p\u00e1gina. Las bibliotecas JavaScript de Google Analytics usan cookies HTTP para \"recordar\" lo que ha hecho un usuario en p\u00e1ginas o en interacciones con el sitio web anteriores.<\/p>\n<p>Google Analytics admite dos bibliotecas JavaScript (etiquetas) para medir el uso de los sitios web: analytics.js y ga.js.<\/p>\n<p>La biblioteca JavaScript analytics.js forma parte de Universal Analytics y usa una sola cookie de origen que contiene un identificador an\u00f3nimo para diferenciar a los usuarios.<\/p>\n<p>De forma predeterminada, esta biblioteca configura las cookies en el dominio de nivel superior, excluyendo el primer punto, y configura la ruta de la cookie en el nivel ra\u00edz (\/).<\/p>\n<p>\u00a0<\/p>\n<p>Esta biblioteca configura las siguientes cookies:<\/p>\n<table width=\"601\">\n<tbody>\n<tr>\n<td><span>Nombre de la cookie<\/span><\/td>\n<td><span>Duraci\u00f3n<\/span><\/td>\n<td><span>Descripci\u00f3n<\/span><\/td>\n<\/tr>\n<tr>\n<td><span>_ga<\/span><\/td>\n<td><span>2 a\u00f1os<\/span><\/td>\n<td><span>Se usa para distinguir a los usuarios<\/span><\/td>\n<\/tr>\n<tr>\n<td><span>_gid<\/span><\/td>\n<td><span>24 horas<\/span><\/td>\n<td><span>Se usa para distinguir a los usuarios<\/span><\/td>\n<\/tr>\n<tr>\n<td><span>_gat<\/span><\/td>\n<td><span>1 minuto<\/span><\/td>\n<td><span>Se usa para limitar el porcentaje de solicitudes. Si has implementado Google Analytics mediante Google Tag Manager esta cookie se llamar\u00e1 _dc_gtm_&lt;property_id&gt;<\/span><span><\/span><\/td>\n<\/tr>\n<\/tbody>\n<\/table>\n<p>B. Cookies T\u00e9cnicas<\/p>\n<p>\u00a0<\/p>\n<p>Finalmente, este sitio web emplea cookies t\u00e9cnicas para el funcionamiento de la web, concretamente para determinar si el usuario ha aceptado el uso de cookies, identificar el idioma, as\u00ed como permitir la autenticaci\u00f3n de su identidad y orientadas a la seguridad del sitio web, protegi\u00e9ndonos de hacks y malware La desactivaci\u00f3n de estas cookies mediante el bloqueo de las cookies puede impedir el correcto funcionamiento de algunas funcionalidades de la web.<\/p>\n<p>\u00a0<\/p>\n<p>4. \u00bfC\u00f3mo puedo configurar o deshabilitar las cookies?<\/p>\n<p>\u00a0<\/p>\n<p>Por regla general los navegadores disponen de diversas opciones de configuraci\u00f3n en relaci\u00f3n a las cookies, que permiten ajustar diversos niveles de privacidad, de forma que, por ejemplo, se denieguen todas las cookies que pueda enviar un sitio web como este o incluso se eliminen todas las cookies que pudieran haberse guardado.<\/p>\n<p>Para permitir, conocer, bloquear o eliminar las cookies instaladas en tu equipo puedes hacerlo mediante la configuraci\u00f3n de las opciones del navegador instalado en su ordenador. Por ejemplo, puedes encontrar informaci\u00f3n sobre c\u00f3mo hacerlo en el caso que uses como navegador:<\/p>\n<p>Internet Explorer: Herramientas -&gt; Opciones de Internet -&gt; Privacidad -&gt; Configuraci\u00f3n. Para m\u00e1s informaci\u00f3n, puede consultar el soporte de Microsoft o la Ayuda del navegador.<br \/>Firefox: Herramientas -&gt; Opciones -&gt; Privacidad -&gt; Historial -&gt; Configuraci\u00f3n Personalizada. Para m\u00e1s informaci\u00f3n, puede consultar el soporte de Mozilla o la Ayuda del navegador.<br \/>Chrome: Configuraci\u00f3n -&gt; Mostrar opciones avanzadas -&gt; Privacidad -&gt; Configuraci\u00f3n de contenido. Para m\u00e1s informaci\u00f3n, puede consultar el soporte de Google o la Ayuda del navegador.<br \/>Safari: Preferencias -&gt; Seguridad. Para m\u00e1s informaci\u00f3n, puede consultar el soporte de Apple o la Ayuda del navegador.<\/p>\n<p>Al margen de la posibilidad de restringir o eliminar las cookies la mayor\u00eda de los navegadores web permiten la visita a las p\u00e1ginas mediante la modalidad conocida como navegaci\u00f3n privada, de inc\u00f3gnito, inPrivate. Dicha funcionalidad implica que al cerrar en navegador\/pesta\u00f1a se eliminen los datos de la navegaci\u00f3n que hayan podido almacenarse o generarse (entre ellos, las cookies).<\/p>\n<p>Si necesita mayor informaci\u00f3n acerca del funcionamiento de las cookies, as\u00ed como la forma de eliminarlas, puede dirigirte a los siguientes enlaces:<\/p>\n<p>Entrada en la Wikipedia sobre las cookies<br \/>www.allaboutcookies.org<\/p>\n<p>INFORMACI\u00d3N SOBRE LAS COOKIES QUE UTILIZAMOS<\/p>\n<p>\u00a0<\/p>\n<p>\u00a0<\/p>\n<p>Relaci\u00f3n de cookies empleadas en el dominio www.iniciativas-innovadoras.es<\/p>\n<p>COOKIES DE TERCEROS<\/p>\n<table>\n<tbody>\n<tr>\n<td><span>Nombre<\/span><\/td>\n<td><span>Proveedor<\/span><\/td>\n<td><span>Finalidad<\/span><\/td>\n<td><span>Caducidad<\/span><\/td>\n<td><span>Excluida\/No Excluida (del deber de la informaci\u00f3n y consentimiento)<\/span><\/td>\n<\/tr>\n<tr>\n<td><span>_ga<\/span><\/td>\n<td><span>Google Analytics<\/span><\/td>\n<td><span>Anal\u00edtica (servicio Google Analytics): Se usa para distinguir a los usuarios. Utilizamos cookies de Google Analytics embebidas en nuestro sitio web para recopilar informaci\u00f3n acerca de c\u00f3mo los visitantes navegan en nuestro sitio web. Utilizamos la informaci\u00f3n para elaborar informes y ayudar a mejorar el sitio. Las cookies recopilan informaci\u00f3n de forma an\u00f3nima, incluyendo el n\u00famero de visitantes, de donde vienen y las p\u00e1ginas que han visitado en nuestra web.<\/span><\/td>\n<td><span>Persistente (2 a\u00f1os)<\/span><\/td>\n<td><span>NO<\/span><\/td>\n<\/tr>\n<tr>\n<td><span>_gid<\/span><\/td>\n<td><span>Google Analytics<\/span><\/td>\n<td><span>Anal\u00edtica (servicio Google Analytics): Se usa para distinguir a los usuarios. Utilizamos cookies de Google Analytics embebidas en nuestro sitio web para recopilar informaci\u00f3n acerca de c\u00f3mo los visitantes navegan en nuestro sitio web. Utilizamos la informaci\u00f3n para elaborar informes y ayudar a mejorar el sitio. Las cookies recopilan informaci\u00f3n de forma an\u00f3nima, incluyendo el n\u00famero de visitantes, de donde vienen y las p\u00e1ginas que han visitado en nuestra web.<\/span><\/td>\n<td><span>Persistente (1 d\u00eda)<\/span><\/td>\n<td><span>NO<\/span><\/td>\n<\/tr>\n<tr>\n<td><span>_gat_gtag_UA_138005497_1<\/span><\/td>\n<td><span>Google Analytics<\/span><\/td>\n<td><span>Anal\u00edtica (servicio Google Analytics): Se usa para limitar el porcentaje de solicitudes. Utilizamos cookies de Google Analytics embebidas en nuestro sitio web para recopilar informaci\u00f3n acerca de c\u00f3mo los visitantes navegan en nuestro sitio web. Utilizamos la informaci\u00f3n para elaborar informes y ayudar a mejorar el sitio. Las cookies recopilan informaci\u00f3n de forma an\u00f3nima, incluyendo el n\u00famero de visitantes, de donde vienen y las p\u00e1ginas que han visitado en nuestra web.<\/span><\/td>\n<td><span>Persistente (10 minutos)<\/span><\/td>\n<td><span>NO<\/span><\/td>\n<\/tr>\n<tr>\n<td colspan=\"5\"><span><strong>COOKIES PROPIAS<\/strong><\/span><\/td>\n<\/tr>\n<tr>\n<td>cookiesjsr<\/td>\n<td><\/td>\n<td><span>Cookie t\u00e9cnica usada pare detectar si el usuario ha aceptado la instalaci\u00f3n de cookies.<\/span><\/td>\n<td><span>De sesi\u00f3n<\/span><\/td>\n<td><span>SI<\/span><\/td>\n<\/tr>\n<\/tbody>\n<\/table>\n<p>\u00a0<\/p>\n<p><span>NOTA: Es voluntad de la INICIATIVAS INNOVADORAS, S.A.L. mantener esta lista actualizada en todo momento, pero ante una actualizaci\u00f3n de cookies por parte de un tercero ajeno a la misma, ocasionalmente durante esta actualizaci\u00f3n puede ser que la lista no incluya una cookie instalada, aunque siempre se referir\u00e1 a cookies con prop\u00f3sitos id\u00e9nticos a los registrados en esta lista.<\/span><\/p>\n<p>\u00a0<\/p>\n<p><span>\u00daltima actualizaci\u00f3n el 16 de abril de 2021<\/span><\/p>\n<\/div><\/div>\n<\/div>\n<\/div>\n<\/div>","protected":false},"excerpt":{"rendered":"","protected":false},"author":1,"featured_media":0,"parent":0,"menu_order":0,"comment_status":"closed","ping_status":"closed","template":"","meta":{"_acf_changed":false,"inline_featured_image":false,"footnotes":""},"class_list":["post-2260","page","type-page","status-publish","hentry"],"acf":[],"yoast_head":"<!-- This site is optimized with the Yoast SEO plugin v27.3 - https:\/\/yoast.com\/product\/yoast-seo-wordpress\/ -->\n<title>Politique de cookies - Iniciativas Innovadoras<\/title>\n<meta name=\"robots\" content=\"index, follow, max-snippet:-1, max-image-preview:large, max-video-preview:-1\" \/>\n<link rel=\"canonical\" href=\"https:\/\/iniciativas-innovadoras.es\/fr\/politique-de-cookies\/\" \/>\n<meta property=\"og:locale\" content=\"fr_FR\" \/>\n<meta property=\"og:type\" content=\"article\" \/>\n<meta property=\"og:title\" content=\"Politique de cookies - Iniciativas Innovadoras\" \/>\n<meta property=\"og:url\" content=\"https:\/\/iniciativas-innovadoras.es\/fr\/politique-de-cookies\/\" \/>\n<meta property=\"og:site_name\" content=\"Iniciativas Innovadoras\" \/>\n<meta property=\"article:modified_time\" content=\"2025-10-10T13:18:13+00:00\" \/>\n<meta property=\"og:image\" content=\"https:\/\/iniciativas-innovadoras.es\/wp-content\/uploads\/2025\/10\/frontend.jpg\" \/>\n\t<meta property=\"og:image:width\" content=\"1200\" \/>\n\t<meta property=\"og:image:height\" content=\"675\" \/>\n\t<meta property=\"og:image:type\" content=\"image\/jpeg\" \/>\n<meta name=\"twitter:card\" content=\"summary_large_image\" \/>\n<meta name=\"twitter:site\" content=\"@iniciativas_in\" \/>\n<script type=\"application\/ld+json\" class=\"yoast-schema-graph\">{\"@context\":\"https:\\\/\\\/schema.org\",\"@graph\":[{\"@type\":\"WebPage\",\"@id\":\"https:\\\/\\\/iniciativas-innovadoras.es\\\/fr\\\/politique-de-cookies\\\/\",\"url\":\"https:\\\/\\\/iniciativas-innovadoras.es\\\/fr\\\/politique-de-cookies\\\/\",\"name\":\"Politique de cookies - Iniciativas Innovadoras\",\"isPartOf\":{\"@id\":\"https:\\\/\\\/iniciativas-innovadoras.es\\\/fr\\\/#website\"},\"datePublished\":\"2025-09-07T10:58:52+00:00\",\"dateModified\":\"2025-10-10T13:18:13+00:00\",\"breadcrumb\":{\"@id\":\"https:\\\/\\\/iniciativas-innovadoras.es\\\/fr\\\/politique-de-cookies\\\/#breadcrumb\"},\"inLanguage\":\"fr-FR\",\"potentialAction\":[{\"@type\":\"ReadAction\",\"target\":[\"https:\\\/\\\/iniciativas-innovadoras.es\\\/fr\\\/politique-de-cookies\\\/\"]}]},{\"@type\":\"BreadcrumbList\",\"@id\":\"https:\\\/\\\/iniciativas-innovadoras.es\\\/fr\\\/politique-de-cookies\\\/#breadcrumb\",\"itemListElement\":[{\"@type\":\"ListItem\",\"position\":1,\"name\":\"Portada\",\"item\":\"https:\\\/\\\/iniciativas-innovadoras.es\\\/fr\\\/\"},{\"@type\":\"ListItem\",\"position\":2,\"name\":\"Politique de cookies\"}]},{\"@type\":\"WebSite\",\"@id\":\"https:\\\/\\\/iniciativas-innovadoras.es\\\/fr\\\/#website\",\"url\":\"https:\\\/\\\/iniciativas-innovadoras.es\\\/fr\\\/\",\"name\":\"Iniciativas Innovadoras\",\"description\":\"Transformamos ideas en proyectos\",\"publisher\":{\"@id\":\"https:\\\/\\\/iniciativas-innovadoras.es\\\/fr\\\/#organization\"},\"potentialAction\":[{\"@type\":\"SearchAction\",\"target\":{\"@type\":\"EntryPoint\",\"urlTemplate\":\"https:\\\/\\\/iniciativas-innovadoras.es\\\/fr\\\/?s={search_term_string}\"},\"query-input\":{\"@type\":\"PropertyValueSpecification\",\"valueRequired\":true,\"valueName\":\"search_term_string\"}}],\"inLanguage\":\"fr-FR\"},{\"@type\":\"Organization\",\"@id\":\"https:\\\/\\\/iniciativas-innovadoras.es\\\/fr\\\/#organization\",\"name\":\"Iniciativas Innovadoras\",\"url\":\"https:\\\/\\\/iniciativas-innovadoras.es\\\/fr\\\/\",\"logo\":{\"@type\":\"ImageObject\",\"inLanguage\":\"fr-FR\",\"@id\":\"https:\\\/\\\/iniciativas-innovadoras.es\\\/fr\\\/#\\\/schema\\\/logo\\\/image\\\/\",\"url\":\"https:\\\/\\\/iniciativas-innovadoras.es\\\/wp-content\\\/uploads\\\/2025\\\/10\\\/iniciativas-innovadoras-logo-vertical.png\",\"contentUrl\":\"https:\\\/\\\/iniciativas-innovadoras.es\\\/wp-content\\\/uploads\\\/2025\\\/10\\\/iniciativas-innovadoras-logo-vertical.png\",\"width\":696,\"height\":696,\"caption\":\"Iniciativas Innovadoras\"},\"image\":{\"@id\":\"https:\\\/\\\/iniciativas-innovadoras.es\\\/fr\\\/#\\\/schema\\\/logo\\\/image\\\/\"},\"sameAs\":[\"https:\\\/\\\/x.com\\\/iniciativas_in\",\"https:\\\/\\\/www.linkedin.com\\\/company\\\/iniciativasinnovadoras\\\/\"]}]}<\/script>\n<!-- \/ Yoast SEO plugin. -->","yoast_head_json":{"title":"Politique de cookies - Iniciativas Innovadoras","robots":{"index":"index","follow":"follow","max-snippet":"max-snippet:-1","max-image-preview":"max-image-preview:large","max-video-preview":"max-video-preview:-1"},"canonical":"https:\/\/iniciativas-innovadoras.es\/fr\/politique-de-cookies\/","og_locale":"fr_FR","og_type":"article","og_title":"Politique de cookies - Iniciativas Innovadoras","og_url":"https:\/\/iniciativas-innovadoras.es\/fr\/politique-de-cookies\/","og_site_name":"Iniciativas Innovadoras","article_modified_time":"2025-10-10T13:18:13+00:00","og_image":[{"width":1200,"height":675,"url":"https:\/\/iniciativas-innovadoras.es\/wp-content\/uploads\/2025\/10\/frontend.jpg","type":"image\/jpeg"}],"twitter_card":"summary_large_image","twitter_site":"@iniciativas_in","schema":{"@context":"https:\/\/schema.org","@graph":[{"@type":"WebPage","@id":"https:\/\/iniciativas-innovadoras.es\/fr\/politique-de-cookies\/","url":"https:\/\/iniciativas-innovadoras.es\/fr\/politique-de-cookies\/","name":"Politique de cookies - Iniciativas Innovadoras","isPartOf":{"@id":"https:\/\/iniciativas-innovadoras.es\/fr\/#website"},"datePublished":"2025-09-07T10:58:52+00:00","dateModified":"2025-10-10T13:18:13+00:00","breadcrumb":{"@id":"https:\/\/iniciativas-innovadoras.es\/fr\/politique-de-cookies\/#breadcrumb"},"inLanguage":"fr-FR","potentialAction":[{"@type":"ReadAction","target":["https:\/\/iniciativas-innovadoras.es\/fr\/politique-de-cookies\/"]}]},{"@type":"BreadcrumbList","@id":"https:\/\/iniciativas-innovadoras.es\/fr\/politique-de-cookies\/#breadcrumb","itemListElement":[{"@type":"ListItem","position":1,"name":"Portada","item":"https:\/\/iniciativas-innovadoras.es\/fr\/"},{"@type":"ListItem","position":2,"name":"Politique de cookies"}]},{"@type":"WebSite","@id":"https:\/\/iniciativas-innovadoras.es\/fr\/#website","url":"https:\/\/iniciativas-innovadoras.es\/fr\/","name":"Iniciativas Innovadoras","description":"Transformamos ideas en proyectos","publisher":{"@id":"https:\/\/iniciativas-innovadoras.es\/fr\/#organization"},"potentialAction":[{"@type":"SearchAction","target":{"@type":"EntryPoint","urlTemplate":"https:\/\/iniciativas-innovadoras.es\/fr\/?s={search_term_string}"},"query-input":{"@type":"PropertyValueSpecification","valueRequired":true,"valueName":"search_term_string"}}],"inLanguage":"fr-FR"},{"@type":"Organization","@id":"https:\/\/iniciativas-innovadoras.es\/fr\/#organization","name":"Iniciativas Innovadoras","url":"https:\/\/iniciativas-innovadoras.es\/fr\/","logo":{"@type":"ImageObject","inLanguage":"fr-FR","@id":"https:\/\/iniciativas-innovadoras.es\/fr\/#\/schema\/logo\/image\/","url":"https:\/\/iniciativas-innovadoras.es\/wp-content\/uploads\/2025\/10\/iniciativas-innovadoras-logo-vertical.png","contentUrl":"https:\/\/iniciativas-innovadoras.es\/wp-content\/uploads\/2025\/10\/iniciativas-innovadoras-logo-vertical.png","width":696,"height":696,"caption":"Iniciativas Innovadoras"},"image":{"@id":"https:\/\/iniciativas-innovadoras.es\/fr\/#\/schema\/logo\/image\/"},"sameAs":["https:\/\/x.com\/iniciativas_in","https:\/\/www.linkedin.com\/company\/iniciativasinnovadoras\/"]}]}},"_links":{"self":[{"href":"https:\/\/iniciativas-innovadoras.es\/fr\/wp-json\/wp\/v2\/pages\/2260","targetHints":{"allow":["GET"]}}],"collection":[{"href":"https:\/\/iniciativas-innovadoras.es\/fr\/wp-json\/wp\/v2\/pages"}],"about":[{"href":"https:\/\/iniciativas-innovadoras.es\/fr\/wp-json\/wp\/v2\/types\/page"}],"author":[{"embeddable":true,"href":"https:\/\/iniciativas-innovadoras.es\/fr\/wp-json\/wp\/v2\/users\/1"}],"replies":[{"embeddable":true,"href":"https:\/\/iniciativas-innovadoras.es\/fr\/wp-json\/wp\/v2\/comments?post=2260"}],"version-history":[{"count":2,"href":"https:\/\/iniciativas-innovadoras.es\/fr\/wp-json\/wp\/v2\/pages\/2260\/revisions"}],"predecessor-version":[{"id":2475,"href":"https:\/\/iniciativas-innovadoras.es\/fr\/wp-json\/wp\/v2\/pages\/2260\/revisions\/2475"}],"wp:attachment":[{"href":"https:\/\/iniciativas-innovadoras.es\/fr\/wp-json\/wp\/v2\/media?parent=2260"}],"curies":[{"name":"wp","href":"https:\/\/api.w.org\/{rel}","templated":true}]}}