{"id":1684,"date":"2025-09-08T14:29:19","date_gmt":"2025-09-08T12:29:19","guid":{"rendered":"https:\/\/iniciativas-innovadoras.es\/servicios\/financiacion-de-la-innovacion-empresarial\/"},"modified":"2025-10-13T11:12:59","modified_gmt":"2025-10-13T09:12:59","slug":"financement-de-linnovation-des-entreprises","status":"publish","type":"page","link":"https:\/\/iniciativas-innovadoras.es\/fr\/services\/financement-de-linnovation-des-entreprises\/","title":{"rendered":"Financement de l\u2019innovation des entreprises"},"content":{"rendered":"<div class=\"et_pb_section_0 et_pb_section et_section_regular et_flex_section\">\n<div class=\"et_pb_row_0 et_pb_row et_flex_row et_animated\">\n<div class=\"et_pb_column_0 et_pb_column et-last-child et_flex_column et_pb_css_mix_blend_mode_passthrough et_flex_column_24_24 et_flex_column_24_24_tablet et_flex_column_24_24_phone et_flex_column_24_24_widescreen et_flex_column_24_24_ultraWide\">\n<div class=\"et_pb_text_0 et_pb_text et_pb_bg_layout_light et_pb_module et_flex_module preset--module--divi-text--xehwm5m9c2\"><div class=\"et_pb_text_inner\"><h1>Financement de l\u2019innovation des entreprises<\/h1>\n<\/div><\/div>\n\n<div class=\"et_pb_text_1 et_pb_text et_pb_bg_layout_light et_pb_module et_flex_module\"><div class=\"et_pb_text_inner\"><ol class=\"breadcrumbs\" itemscope itemtype=\"http:\/\/schema.org\/BreadcrumbList\"><li itemprop=\"itemListElement\" itemscope itemtype=\"http:\/\/schema.org\/ListItem\"><a itemprop=\"item\" href=\"https:\/\/iniciativas-innovadoras.es\/fr\/\"><span itemprop=\"name\">Accueil<\/span><\/a><meta itemprop=\"position\" content=\"1\"><\/li><\/ol>\n<\/div><\/div>\n\n<div class=\"et_pb_text_2 et_pb_text et_pb_bg_layout_light et_pb_module et_flex_module\"><div class=\"et_pb_text_inner\"><p>Nous g\u00e9rons un large spectre <strong>d\u2019aides publiques r\u00e9gionales et nationales<\/strong>, qui visent \u00e0 accro\u00eetre la comp\u00e9titivit\u00e9 des entreprises : recherche et d\u00e9veloppement, investissements industriels, internationalisation, num\u00e9risation, transition verte,...<\/p>\n<p><strong>Plus de 70 % des demandes pr\u00e9sent\u00e9es<\/strong> pour nos clients au cours des <strong>trois derni\u00e8res ann\u00e9es ont \u00e9t\u00e9 financ\u00e9es. 10 M\u20ac d'aides publiques nationales et r\u00e9gionales ont \u00e9t\u00e9 obtenues<\/strong> au cours des 5 derni\u00e8res ann\u00e9es.<\/p>\n<p>Nous accompagnons les entreprises tout au long du processus, <strong>de la pr\u00e9sentation de la demande jusqu\u2019\u00e0 la justification et le recouvrement de l'aide<\/strong>.<\/p>\n<\/div><\/div>\n\n<div class=\"et_pb_text_3 et_pb_text et_pb_bg_layout_light et_pb_module et_flex_module trigger-black\"><\/div>\n<\/div>\n<\/div>\n<\/div>\n\n<div class=\"et_pb_section_1 et_pb_section et_section_regular et_flex_section et_animated entry-content\">\n<div class=\"et_pb_row_1 et_pb_row et_flex_row\">\n<div class=\"et_pb_column_1 et_pb_column et-last-child et_flex_column et_pb_css_mix_blend_mode_passthrough et_flex_column_24_24 et_flex_column_24_24_tablet et_flex_column_24_24_phone et_flex_column_24_24_widescreen et_flex_column_24_24_ultraWide\">\n<div class=\"et_pb_text_4 et_pb_text et_pb_bg_layout_light et_pb_module et_flex_module\"><div class=\"et_pb_text_inner\"><h2>Notre valeur<\/h2>\n<\/div><\/div>\n\n<div class=\"et_pb_text_5 et_pb_text et_pb_bg_layout_dark et_pb_module et_flex_module\"><div class=\"et_pb_text_inner\"><ul>\n<li>Nous conceptualisons vos id\u00e9es en projets et identifions leur pertinence au niveau de l'entreprise et dans votre secteur, et nous facilitons l'acc\u00e8s aux fonds publics pour leur financement. <\/li>\n<li>Nous avons le sentiment de faire partie de votre entreprise et nous nous effor\u00e7ons de faire en sorte que vos besoins de d\u00e9veloppement b\u00e9n\u00e9ficient du plus grand soutien public possible. <\/li>\n<li>Nous sommes proactifs lorsqu\u2019il s\u2019agit d\u2019identifier les opportunit\u00e9s de R&amp;D de votre entreprise. <\/li>\n<li>Nous mettons nos connaissances et notre exp\u00e9rience \u00e0 la disposition de votre entreprise pour concr\u00e9tiser vos projets de R&amp;D, d'investissement ou d'am\u00e9lioration de la comp\u00e9titivit\u00e9.<\/li>\n<\/ul>\n<\/div><\/div>\n\n<div class=\"et_pb_text_6 et_pb_text et_pb_bg_layout_light et_pb_module et_flex_module trigger-black\"><\/div>\n<\/div>\n<\/div>\n<\/div>\n\n<div class=\"et_pb_section_2 et_pb_section et_section_regular et_flex_section et_animated entry-content\">\n<div class=\"et_pb_row_2 et_pb_row et_flex_row\">\n<div class=\"et_pb_column_2 et_pb_column et-last-child et_flex_column et_pb_css_mix_blend_mode_passthrough et_flex_column_24_24 et_flex_column_24_24_tablet et_flex_column_24_24_phone et_flex_column_24_24_widescreen et_flex_column_24_24_ultraWide\">\n<div class=\"et_pb_text_7 et_pb_text et_pb_bg_layout_light et_pb_module et_flex_module\"><div class=\"et_pb_text_inner\"><h2 class=\"ayuda-title aos-init aos-animate\" data-aos=\"fade-up\" data-aos-duration=\"3000\">Comment pouvons-nous vous aider<\/h2>\n<\/div><\/div>\n\n<div class=\"et_pb_text_8 et_pb_text et_pb_bg_layout_light et_pb_module et_flex_module\"><div class=\"et_pb_text_inner\"><ul>\n<li>En fournissant des conseils sur les opportunit\u00e9s de financement public pour votre entreprise et\/ou votre projet. <\/li>\n<li>En transformant vos id\u00e9es innovantes en projets de R&amp;D comp\u00e9titifs. <\/li>\n<li>En pr\u00e9parant les documents administratifs et \u00e9conomiques n\u00e9cessaires pour solliciter les diff\u00e9rentes aides publiques dont vous pouvez b\u00e9n\u00e9ficier. <\/li>\n<li>En effectuant la justification technique et \u00e9conomique de vos projets, afin que vous receviez le montant maximum de l'aide octroy\u00e9e. <\/li>\n<li>Assistance tout au long du processus administratif des aides, en r\u00e9pondant aux exigences \u00e9tablies par les autorit\u00e9s de gestion des programmes ou des appels \u00e0 projets.<\/li>\n<\/ul>\n<\/div><\/div>\n<\/div>\n<\/div>\n<\/div>\n\n<div class=\"et_pb_section_3 et_pb_section et_section_regular et_flex_section et_animated entry-content\">\n<div class=\"et_pb_row_3 et_pb_row et_flex_row\">\n<div class=\"et_pb_column_3 et_pb_column et-last-child et_flex_column et_pb_css_mix_blend_mode_passthrough et_flex_column_24_24 et_flex_column_24_24_tablet et_flex_column_24_24_phone et_flex_column_24_24_widescreen et_flex_column_24_24_ultraWide\">\n<div class=\"et_pb_text_9 et_pb_text et_pb_bg_layout_light et_pb_module et_flex_module\"><div class=\"et_pb_text_inner\"><h2>Contactez-nous<\/h2>\n<\/div><\/div>\n<\/div>\n<\/div>\n\n<div class=\"et_pb_row_4 et_pb_row et_flex_row trigger-black equipo\">\n<div class=\"et_pb_column_4 et_pb_column et_flex_column et_pb_css_mix_blend_mode_passthrough et_flex_column_24_24 et_flex_column_24_24_tablet et_flex_column_24_24_phone et_flex_column_24_24_widescreen et_flex_column_24_24_ultraWide\">\n<div class=\"et_pb_blurb_0 et_pb_blurb et_pb_bg_layout_light et_pb_blurb_position_top et_pb_module et_flex_module\"><div class=\"et_pb_blurb_content et_flex_module\"><div class=\"et_pb_main_blurb_image\"><span class=\"et_pb_image_wrap et_pb_only_image_mode_wrap\"><img loading=\"lazy\" decoding=\"async\" src=\"https:\/\/iniciativas-innovadoras.es\/wp-content\/uploads\/2025\/09\/Aitor2022_1.jpeg\" width=\"515\" height=\"620\" srcset=\"https:\/\/iniciativas-innovadoras.es\/wp-content\/uploads\/2025\/09\/Aitor2022_1.jpeg 515w, https:\/\/iniciativas-innovadoras.es\/wp-content\/uploads\/2025\/09\/Aitor2022_1-480x578.jpeg 480w\" sizes=\"(min-width: 0px) and (max-width: 480px) 480px, (min-width: 481px) 515px, 100vw\" class=\"wp-image-1394\" alt=\"Aitor Iriarte\" \/><\/span><\/div><div class=\"et_pb_blurb_container\"><h3 class=\"et_pb_module_header\">Aitor Iriarte<\/h3><div class=\"et_pb_blurb_description\"><p><a class=\"text-underline\" href=\"mailto:airiarte@iniciativas-innovadoras.es\" target=\"_blank\" rel=\"noopener\">airiarte@iniciativas-innovadoras.es<\/a><\/p>\n<\/div><\/div><\/div><\/div>\n\n<ul class=\"et_pb_social_media_follow_0 et_pb_social_media_follow et_pb_bg_layout_light et_pb_module et_flex_module\">\n<li class=\"et_pb_social_media_follow_network_0 et_pb_social_media_follow_network et_pb_social_icon et_pb_social_network_link et-social-linkedin et_pb_module et_flex_module\"><a href=\"https:\/\/www.linkedin.com\/in\/aitor-iriarte-gurrutxaga-08864872\/\" class=\"icon\" target=\"_blank\" title=\"Suivre sur LinkedIn\" rel=\"noopener\"><span class=\"et_pb_social_media_follow_network_name\">Suivre<\/span><\/a><\/li>\n\n<li class=\"et_pb_social_media_follow_network_1 et_pb_social_media_follow_network et_pb_social_icon et_pb_social_network_link et-pb-social-fa-icon et-social-line et_pb_module et_flex_module\"><a href=\"mailto:airiarte@iniciativas-innovadoras.es\" class=\"icon\" target=\"_blank\" title=\"Suivre sur Line\" rel=\"noopener\"><span class=\"et_pb_social_media_follow_network_name\">Suivre<\/span><\/a><\/li>\n<\/ul>\n<\/div>\n\n<div class=\"et_pb_column_5 et_pb_column et-last-child et_flex_column et_pb_column_empty et_pb_css_mix_blend_mode_passthrough et_flex_column_24_24 et_flex_column_24_24_tablet et_flex_column_24_24_phone et_flex_column_24_24_widescreen et_flex_column_24_24_ultraWide\"><\/div>\n<\/div>\n<\/div>\n\n<div class=\"et_pb_section_4 et_pb_section et_section_regular et_flex_section et_animated\">\n<div class=\"et_pb_row_5 et_pb_row et_flex_row\">\n<div class=\"et_pb_column_6 et_pb_column et-last-child et_flex_column et_pb_css_mix_blend_mode_passthrough et_flex_column_24_24 et_flex_column_24_24_tablet et_flex_column_24_24_phone et_flex_column_24_24_widescreen et_flex_column_24_24_ultraWide\">\n<div class=\"et_pb_text_10 et_pb_text et_pb_bg_layout_light et_pb_module et_flex_module\"><div class=\"et_pb_text_inner\"><h2>Programmes<\/h2>\n<\/div><\/div>\n\n<div class=\"et_pb_text_11 et_pb_text et_pb_bg_layout_dark et_pb_module et_flex_module\"><div class=\"et_pb_text_inner\"><ul>\n<li>APPELS \u00c0 PROJETS NATIONAUX:\n<ul>\n<li>CDTI: Appels \u00e0 projets PID, CIEN, NEOTEC, LIC, LIG, EUREKA!, IBEROEKA y EUROSTARS<\/li>\n<li>MINIST\u00c8RES: Appels \u00e0 projets RETOS COLABORACI\u00d3N, REINDUS, AEI, ICEX, COFIDES...<\/li>\n<li>ENISA<\/li>\n<li>IDAE<\/li>\n<\/ul>\n<\/li>\n<li>APPELS \u00c0 PROJETS R\u00c9GIONAUX:\n<ul>\n<li>GOBIERNO DE NAVARRA: Convocatorias Proyectos I+D, Proyectos Estrat\u00e9gicos, Inversiones Pymes Industriales, Inversiones Gran Empresa, Industrias Agroalimentarias, Competitividad, Digitalizaci\u00f3n y otras.<\/li>\n<li>AUTRES GOUVERNEMENTS R\u00c9GIONAUX: Gobierno del Pa\u00eds Vasco \u2013 SPRI, Gobierno de la Rioja\u2013 ADER, Gobierno de Arag\u00f3n, Gobierno de Cantabria, Junta de Castilla y Le\u00f3n.<\/li>\n<\/ul>\n<\/li>\n<\/ul>\n<\/div><\/div>\n<\/div>\n<\/div>\n<\/div>\n\n<div class=\"et_pb_section_5 et_pb_section et_section_regular et_flex_section\"><\/div>","protected":false},"excerpt":{"rendered":"","protected":false},"author":1,"featured_media":0,"parent":1675,"menu_order":0,"comment_status":"closed","ping_status":"closed","template":"","meta":{"_acf_changed":false,"inline_featured_image":false,"footnotes":""},"class_list":["post-1684","page","type-page","status-publish","hentry"],"acf":[],"yoast_head":"<!-- This site is optimized with the Yoast SEO plugin v27.3 - https:\/\/yoast.com\/product\/yoast-seo-wordpress\/ -->\n<title>Financement de l\u2019innovation des entreprises - Iniciativas Innovadoras<\/title>\n<meta name=\"robots\" content=\"index, follow, max-snippet:-1, max-image-preview:large, max-video-preview:-1\" \/>\n<link rel=\"canonical\" href=\"https:\/\/iniciativas-innovadoras.es\/fr\/services\/financement-de-linnovation-des-entreprises\/\" \/>\n<meta property=\"og:locale\" content=\"fr_FR\" \/>\n<meta property=\"og:type\" content=\"article\" \/>\n<meta property=\"og:title\" content=\"Financement de l\u2019innovation des entreprises - Iniciativas Innovadoras\" \/>\n<meta property=\"og:url\" content=\"https:\/\/iniciativas-innovadoras.es\/fr\/services\/financement-de-linnovation-des-entreprises\/\" \/>\n<meta property=\"og:site_name\" content=\"Iniciativas Innovadoras\" \/>\n<meta property=\"article:modified_time\" content=\"2025-10-13T09:12:59+00:00\" \/>\n<meta property=\"og:image\" content=\"https:\/\/iniciativas-innovadoras.es\/wp-content\/uploads\/2025\/10\/frontend.jpg\" \/>\n\t<meta property=\"og:image:width\" content=\"1200\" \/>\n\t<meta property=\"og:image:height\" content=\"675\" \/>\n\t<meta property=\"og:image:type\" content=\"image\/jpeg\" \/>\n<meta name=\"twitter:card\" content=\"summary_large_image\" \/>\n<meta name=\"twitter:site\" content=\"@iniciativas_in\" \/>\n<script type=\"application\/ld+json\" class=\"yoast-schema-graph\">{\"@context\":\"https:\\\/\\\/schema.org\",\"@graph\":[{\"@type\":\"WebPage\",\"@id\":\"https:\\\/\\\/iniciativas-innovadoras.es\\\/fr\\\/services\\\/financement-de-linnovation-des-entreprises\\\/\",\"url\":\"https:\\\/\\\/iniciativas-innovadoras.es\\\/fr\\\/services\\\/financement-de-linnovation-des-entreprises\\\/\",\"name\":\"Financement de l\u2019innovation des entreprises - Iniciativas Innovadoras\",\"isPartOf\":{\"@id\":\"https:\\\/\\\/iniciativas-innovadoras.es\\\/fr\\\/#website\"},\"datePublished\":\"2025-09-08T12:29:19+00:00\",\"dateModified\":\"2025-10-13T09:12:59+00:00\",\"breadcrumb\":{\"@id\":\"https:\\\/\\\/iniciativas-innovadoras.es\\\/fr\\\/services\\\/financement-de-linnovation-des-entreprises\\\/#breadcrumb\"},\"inLanguage\":\"fr-FR\",\"potentialAction\":[{\"@type\":\"ReadAction\",\"target\":[\"https:\\\/\\\/iniciativas-innovadoras.es\\\/fr\\\/services\\\/financement-de-linnovation-des-entreprises\\\/\"]}]},{\"@type\":\"BreadcrumbList\",\"@id\":\"https:\\\/\\\/iniciativas-innovadoras.es\\\/fr\\\/services\\\/financement-de-linnovation-des-entreprises\\\/#breadcrumb\",\"itemListElement\":[{\"@type\":\"ListItem\",\"position\":1,\"name\":\"Portada\",\"item\":\"https:\\\/\\\/iniciativas-innovadoras.es\\\/fr\\\/\"},{\"@type\":\"ListItem\",\"position\":2,\"name\":\"Nos services\",\"item\":\"https:\\\/\\\/iniciativas-innovadoras.es\\\/fr\\\/services\\\/\"},{\"@type\":\"ListItem\",\"position\":3,\"name\":\"Financement de l\u2019innovation des entreprises\"}]},{\"@type\":\"WebSite\",\"@id\":\"https:\\\/\\\/iniciativas-innovadoras.es\\\/fr\\\/#website\",\"url\":\"https:\\\/\\\/iniciativas-innovadoras.es\\\/fr\\\/\",\"name\":\"Iniciativas Innovadoras\",\"description\":\"Transformamos ideas en proyectos\",\"publisher\":{\"@id\":\"https:\\\/\\\/iniciativas-innovadoras.es\\\/fr\\\/#organization\"},\"potentialAction\":[{\"@type\":\"SearchAction\",\"target\":{\"@type\":\"EntryPoint\",\"urlTemplate\":\"https:\\\/\\\/iniciativas-innovadoras.es\\\/fr\\\/?s={search_term_string}\"},\"query-input\":{\"@type\":\"PropertyValueSpecification\",\"valueRequired\":true,\"valueName\":\"search_term_string\"}}],\"inLanguage\":\"fr-FR\"},{\"@type\":\"Organization\",\"@id\":\"https:\\\/\\\/iniciativas-innovadoras.es\\\/fr\\\/#organization\",\"name\":\"Iniciativas Innovadoras\",\"url\":\"https:\\\/\\\/iniciativas-innovadoras.es\\\/fr\\\/\",\"logo\":{\"@type\":\"ImageObject\",\"inLanguage\":\"fr-FR\",\"@id\":\"https:\\\/\\\/iniciativas-innovadoras.es\\\/fr\\\/#\\\/schema\\\/logo\\\/image\\\/\",\"url\":\"https:\\\/\\\/iniciativas-innovadoras.es\\\/wp-content\\\/uploads\\\/2025\\\/10\\\/iniciativas-innovadoras-logo-vertical.png\",\"contentUrl\":\"https:\\\/\\\/iniciativas-innovadoras.es\\\/wp-content\\\/uploads\\\/2025\\\/10\\\/iniciativas-innovadoras-logo-vertical.png\",\"width\":696,\"height\":696,\"caption\":\"Iniciativas Innovadoras\"},\"image\":{\"@id\":\"https:\\\/\\\/iniciativas-innovadoras.es\\\/fr\\\/#\\\/schema\\\/logo\\\/image\\\/\"},\"sameAs\":[\"https:\\\/\\\/x.com\\\/iniciativas_in\",\"https:\\\/\\\/www.linkedin.com\\\/company\\\/iniciativasinnovadoras\\\/\"]}]}<\/script>\n<!-- \/ Yoast SEO plugin. -->","yoast_head_json":{"title":"Financement de l\u2019innovation des entreprises - Iniciativas Innovadoras","robots":{"index":"index","follow":"follow","max-snippet":"max-snippet:-1","max-image-preview":"max-image-preview:large","max-video-preview":"max-video-preview:-1"},"canonical":"https:\/\/iniciativas-innovadoras.es\/fr\/services\/financement-de-linnovation-des-entreprises\/","og_locale":"fr_FR","og_type":"article","og_title":"Financement de l\u2019innovation des entreprises - Iniciativas Innovadoras","og_url":"https:\/\/iniciativas-innovadoras.es\/fr\/services\/financement-de-linnovation-des-entreprises\/","og_site_name":"Iniciativas Innovadoras","article_modified_time":"2025-10-13T09:12:59+00:00","og_image":[{"width":1200,"height":675,"url":"https:\/\/iniciativas-innovadoras.es\/wp-content\/uploads\/2025\/10\/frontend.jpg","type":"image\/jpeg"}],"twitter_card":"summary_large_image","twitter_site":"@iniciativas_in","schema":{"@context":"https:\/\/schema.org","@graph":[{"@type":"WebPage","@id":"https:\/\/iniciativas-innovadoras.es\/fr\/services\/financement-de-linnovation-des-entreprises\/","url":"https:\/\/iniciativas-innovadoras.es\/fr\/services\/financement-de-linnovation-des-entreprises\/","name":"Financement de l\u2019innovation des entreprises - Iniciativas Innovadoras","isPartOf":{"@id":"https:\/\/iniciativas-innovadoras.es\/fr\/#website"},"datePublished":"2025-09-08T12:29:19+00:00","dateModified":"2025-10-13T09:12:59+00:00","breadcrumb":{"@id":"https:\/\/iniciativas-innovadoras.es\/fr\/services\/financement-de-linnovation-des-entreprises\/#breadcrumb"},"inLanguage":"fr-FR","potentialAction":[{"@type":"ReadAction","target":["https:\/\/iniciativas-innovadoras.es\/fr\/services\/financement-de-linnovation-des-entreprises\/"]}]},{"@type":"BreadcrumbList","@id":"https:\/\/iniciativas-innovadoras.es\/fr\/services\/financement-de-linnovation-des-entreprises\/#breadcrumb","itemListElement":[{"@type":"ListItem","position":1,"name":"Portada","item":"https:\/\/iniciativas-innovadoras.es\/fr\/"},{"@type":"ListItem","position":2,"name":"Nos services","item":"https:\/\/iniciativas-innovadoras.es\/fr\/services\/"},{"@type":"ListItem","position":3,"name":"Financement de l\u2019innovation des entreprises"}]},{"@type":"WebSite","@id":"https:\/\/iniciativas-innovadoras.es\/fr\/#website","url":"https:\/\/iniciativas-innovadoras.es\/fr\/","name":"Iniciativas Innovadoras","description":"Transformamos ideas en proyectos","publisher":{"@id":"https:\/\/iniciativas-innovadoras.es\/fr\/#organization"},"potentialAction":[{"@type":"SearchAction","target":{"@type":"EntryPoint","urlTemplate":"https:\/\/iniciativas-innovadoras.es\/fr\/?s={search_term_string}"},"query-input":{"@type":"PropertyValueSpecification","valueRequired":true,"valueName":"search_term_string"}}],"inLanguage":"fr-FR"},{"@type":"Organization","@id":"https:\/\/iniciativas-innovadoras.es\/fr\/#organization","name":"Iniciativas Innovadoras","url":"https:\/\/iniciativas-innovadoras.es\/fr\/","logo":{"@type":"ImageObject","inLanguage":"fr-FR","@id":"https:\/\/iniciativas-innovadoras.es\/fr\/#\/schema\/logo\/image\/","url":"https:\/\/iniciativas-innovadoras.es\/wp-content\/uploads\/2025\/10\/iniciativas-innovadoras-logo-vertical.png","contentUrl":"https:\/\/iniciativas-innovadoras.es\/wp-content\/uploads\/2025\/10\/iniciativas-innovadoras-logo-vertical.png","width":696,"height":696,"caption":"Iniciativas Innovadoras"},"image":{"@id":"https:\/\/iniciativas-innovadoras.es\/fr\/#\/schema\/logo\/image\/"},"sameAs":["https:\/\/x.com\/iniciativas_in","https:\/\/www.linkedin.com\/company\/iniciativasinnovadoras\/"]}]}},"_links":{"self":[{"href":"https:\/\/iniciativas-innovadoras.es\/fr\/wp-json\/wp\/v2\/pages\/1684","targetHints":{"allow":["GET"]}}],"collection":[{"href":"https:\/\/iniciativas-innovadoras.es\/fr\/wp-json\/wp\/v2\/pages"}],"about":[{"href":"https:\/\/iniciativas-innovadoras.es\/fr\/wp-json\/wp\/v2\/types\/page"}],"author":[{"embeddable":true,"href":"https:\/\/iniciativas-innovadoras.es\/fr\/wp-json\/wp\/v2\/users\/1"}],"replies":[{"embeddable":true,"href":"https:\/\/iniciativas-innovadoras.es\/fr\/wp-json\/wp\/v2\/comments?post=1684"}],"version-history":[{"count":3,"href":"https:\/\/iniciativas-innovadoras.es\/fr\/wp-json\/wp\/v2\/pages\/1684\/revisions"}],"predecessor-version":[{"id":2499,"href":"https:\/\/iniciativas-innovadoras.es\/fr\/wp-json\/wp\/v2\/pages\/1684\/revisions\/2499"}],"up":[{"embeddable":true,"href":"https:\/\/iniciativas-innovadoras.es\/fr\/wp-json\/wp\/v2\/pages\/1675"}],"wp:attachment":[{"href":"https:\/\/iniciativas-innovadoras.es\/fr\/wp-json\/wp\/v2\/media?parent=1684"}],"curies":[{"name":"wp","href":"https:\/\/api.w.org\/{rel}","templated":true}]}}