{"id":1681,"date":"2025-09-08T14:29:37","date_gmt":"2025-09-08T12:29:37","guid":{"rendered":"https:\/\/iniciativas-innovadoras.es\/servicios\/consultoria-estrategica\/"},"modified":"2025-09-18T22:08:10","modified_gmt":"2025-09-18T20:08:10","slug":"conseil-strategique","status":"publish","type":"page","link":"https:\/\/iniciativas-innovadoras.es\/fr\/services\/conseil-strategique\/","title":{"rendered":"Conseil strat\u00e9gique"},"content":{"rendered":"<div class=\"et_pb_section_0 et_pb_section et_section_regular et_flex_section\">\n<div class=\"et_pb_row_0 et_pb_row et_flex_row et_animated\">\n<div class=\"et_pb_column_0 et_pb_column et-last-child et_flex_column et_pb_css_mix_blend_mode_passthrough et_flex_column_24_24 et_flex_column_24_24_tablet et_flex_column_24_24_phone et_flex_column_24_24_widescreen et_flex_column_24_24_ultraWide\">\n<div class=\"et_pb_text_0 et_pb_text et_pb_bg_layout_light et_pb_module et_flex_module preset--module--divi-text--xehwm5m9c2\"><div class=\"et_pb_text_inner\"><h1>Conseil strat\u00e9gique<\/h1>\n<\/div><\/div>\n\n<div class=\"et_pb_text_1 et_pb_text et_pb_bg_layout_light et_pb_module et_flex_module\"><div class=\"et_pb_text_inner\"><ol class=\"breadcrumbs\" itemscope itemtype=\"http:\/\/schema.org\/BreadcrumbList\"><li itemprop=\"itemListElement\" itemscope itemtype=\"http:\/\/schema.org\/ListItem\"><a itemprop=\"item\" href=\"https:\/\/iniciativas-innovadoras.es\/fr\/\"><span itemprop=\"name\">Accueil<\/span><\/a><meta itemprop=\"position\" content=\"1\"><\/li><\/ol>\n<\/div><\/div>\n\n<div class=\"et_pb_text_2 et_pb_text et_pb_bg_layout_light et_pb_module et_flex_module\"><div class=\"et_pb_text_inner\"><p>Nous accompagnons les entit\u00e9s et les entreprises publiques ou priv\u00e9es dans le d\u00e9veloppement de <strong>projets strat\u00e9giques qui les aident \u00e0 cr\u00e9er de la valeur<\/strong>, \u00e0 am\u00e9liorer leur position concurrentielle et \u00e0 relever leurs d\u00e9fis futurs.<\/p>\n<p>Nous mettons notre <strong>exp\u00e9rience europ\u00e9enne<\/strong> au service de l'am\u00e9lioration des organisations.<\/p>\n<p>Nous aidons nos clients \u00e0 r\u00e9aliser des <strong>diagnostics pr\u00e9cis de la situation de l'entreprise<\/strong>, de l'entit\u00e9 ou du service, sous diff\u00e9rents angles.<\/p>\n<p>Nous soutenons la <strong>formulation, la mise en \u0153uvre et le suivi de plans et de programmes<\/strong> visant \u00e0 am\u00e9liorer la comp\u00e9titivit\u00e9, tant dans la sph\u00e8re organisationnelle que territoriale.<\/p>\n<\/div><\/div>\n\n<div class=\"et_pb_text_3 et_pb_text et_pb_bg_layout_light et_pb_module et_flex_module trigger-black\"><\/div>\n<\/div>\n<\/div>\n<\/div>\n\n<div class=\"et_pb_section_1 et_pb_section et_section_regular et_flex_section et_animated entry-content\">\n<div class=\"et_pb_row_1 et_pb_row et_flex_row\">\n<div class=\"et_pb_column_1 et_pb_column et-last-child et_flex_column et_pb_css_mix_blend_mode_passthrough et_flex_column_24_24 et_flex_column_24_24_tablet et_flex_column_24_24_phone et_flex_column_24_24_widescreen et_flex_column_24_24_ultraWide\">\n<div class=\"et_pb_text_4 et_pb_text et_pb_bg_layout_light et_pb_module et_flex_module\"><div class=\"et_pb_text_inner\"><h2>Notre valeur<\/h2>\n<\/div><\/div>\n\n<div class=\"et_pb_text_5 et_pb_text et_pb_bg_layout_light et_pb_module et_flex_module\"><div class=\"et_pb_text_inner\"><ul>\n<li>Nous offrons une vision externe professionnelle et ind\u00e9pendante. <\/li>\n<li>Vision analytique et diagnostique. <\/li>\n<li>Nous aidons \u00e0 am\u00e9liorer la position concurrentielle des entit\u00e9s, des entreprises et des territoires. <\/li>\n<li>Nous d\u00e9veloppons les projets dans une perspective de durabilit\u00e9 future. <\/li>\n<li>Notre exp\u00e9rience europ\u00e9enne nous permet d'apporter les meilleures pratiques pour enrichir vos plans et programmes. <\/li>\n<li>Nous connaissons la r\u00e9alit\u00e9 \u00e9conomique et institutionnelle des territoires dans lesquels nous travaillons et nous nous engageons pour leur avenir<\/li>\n<\/ul>\n<\/div><\/div>\n\n<div class=\"et_pb_text_6 et_pb_text et_pb_bg_layout_light et_pb_module et_flex_module trigger-black\"><\/div>\n<\/div>\n<\/div>\n<\/div>\n\n<div class=\"et_pb_section_2 et_pb_section et_section_regular et_flex_section et_animated entry-content\">\n<div class=\"et_pb_row_2 et_pb_row et_flex_row\">\n<div class=\"et_pb_column_2 et_pb_column et-last-child et_flex_column et_pb_css_mix_blend_mode_passthrough et_flex_column_24_24 et_flex_column_24_24_tablet et_flex_column_24_24_phone et_flex_column_24_24_widescreen et_flex_column_24_24_ultraWide\">\n<div class=\"et_pb_text_7 et_pb_text et_pb_bg_layout_light et_pb_module et_flex_module\"><div class=\"et_pb_text_inner\"><h2 class=\"ayuda-title aos-init aos-animate\" data-aos=\"fade-up\" data-aos-duration=\"3000\">Comment pouvons-nous vous aider<\/h2>\n<\/div><\/div>\n\n<div class=\"et_pb_text_8 et_pb_text et_pb_bg_layout_light et_pb_module et_flex_module\"><div class=\"et_pb_text_inner\"><ul>\n<li>En effectuant des analyses et des diagnostics de votre entit\u00e9, produit, service, secteur ou territoire. <\/li>\n<li>En analysant vos services pour identifier les domaines \u00e0 am\u00e9liorer, et en \u00e9tablissant le parcours \u00e0 suivre pour y parvenir. <\/li>\n<li>En \u00e9laborant des \u00e9tudes de march\u00e9 et des analyses d'opportunit\u00e9s. <\/li>\n<li>En aidant \u00e0 construire des sc\u00e9narios futurs, par la conception, le d\u00e9veloppement et le suivi de strat\u00e9gies, de plans et de programmes.<\/li>\n<\/ul>\n<\/div><\/div>\n<\/div>\n<\/div>\n<\/div>\n\n<div class=\"et_pb_section_3 et_pb_section et_section_regular et_flex_section et_animated entry-content\">\n<div class=\"et_pb_row_3 et_pb_row et_flex_row\">\n<div class=\"et_pb_column_3 et_pb_column et-last-child et_flex_column et_pb_css_mix_blend_mode_passthrough et_flex_column_24_24 et_flex_column_24_24_tablet et_flex_column_24_24_phone et_flex_column_24_24_widescreen et_flex_column_24_24_ultraWide\">\n<div class=\"et_pb_text_9 et_pb_text et_pb_bg_layout_light et_pb_module et_flex_module\"><div class=\"et_pb_text_inner\"><h2>Contactez-nous<\/h2>\n<\/div><\/div>\n<\/div>\n<\/div>\n\n<div class=\"et_pb_row_4 et_pb_row et_flex_row trigger-black equipo\">\n<div class=\"et_pb_column_4 et_pb_column et_flex_column et_pb_css_mix_blend_mode_passthrough et_flex_column_24_24 et_flex_column_24_24_tablet et_flex_column_24_24_phone et_flex_column_24_24_widescreen et_flex_column_24_24_ultraWide\">\n<div class=\"et_pb_blurb_0 et_pb_blurb et_pb_bg_layout_light et_pb_blurb_position_top et_pb_module et_flex_module\"><div class=\"et_pb_blurb_content et_flex_module\"><div class=\"et_pb_main_blurb_image\"><span class=\"et_pb_image_wrap et_pb_only_image_mode_wrap\"><img loading=\"lazy\" decoding=\"async\" src=\"https:\/\/iniciativas-innovadoras.es\/wp-content\/uploads\/2025\/09\/javier-baztarrika_0.jpeg\" width=\"515\" height=\"620\" srcset=\"https:\/\/iniciativas-innovadoras.es\/wp-content\/uploads\/2025\/09\/javier-baztarrika_0.jpeg 515w, https:\/\/iniciativas-innovadoras.es\/wp-content\/uploads\/2025\/09\/javier-baztarrika_0-480x578.jpeg 480w\" sizes=\"(min-width: 0px) and (max-width: 480px) 480px, (min-width: 481px) 515px, 100vw\" class=\"wp-image-1384\" alt=\"Javier Baztarrika\" \/><\/span><\/div><div class=\"et_pb_blurb_container\"><h3 class=\"et_pb_module_header\">Javier Baztarrika<\/h3><div class=\"et_pb_blurb_description\"><p><a href=\"mailto:jbaztarrika@iniciativas-innovadoras.es\">jbaztarrika@iniciativas-innovadoras.es<\/a><\/p>\n<\/div><\/div><\/div><\/div>\n\n<ul class=\"et_pb_social_media_follow_0 et_pb_social_media_follow et_pb_bg_layout_light et_pb_module et_flex_module\">\n<li class=\"et_pb_social_media_follow_network_0 et_pb_social_media_follow_network et_pb_social_icon et_pb_social_network_link et-social-linkedin et_pb_module et_flex_module\"><a href=\"https:\/\/www.linkedin.com\/in\/javier-baztarrika-navarro-a46b3040\/\" class=\"icon\" target=\"_blank\" title=\"Suivre sur LinkedIn\" rel=\"noopener\"><span class=\"et_pb_social_media_follow_network_name\">Suivre<\/span><\/a><\/li>\n\n<li class=\"et_pb_social_media_follow_network_1 et_pb_social_media_follow_network et_pb_social_icon et_pb_social_network_link et-pb-social-fa-icon et-social-line et_pb_module et_flex_module\"><a href=\"mailto:jbaztarrika@iniciativas-innovadoras.es\" class=\"icon\" target=\"_blank\" title=\"Suivre sur Line\" rel=\"noopener\"><span class=\"et_pb_social_media_follow_network_name\">Suivre<\/span><\/a><\/li>\n<\/ul>\n<\/div>\n\n<div class=\"et_pb_column_5 et_pb_column et-last-child et_flex_column et_pb_column_empty et_pb_css_mix_blend_mode_passthrough et_flex_column_24_24 et_flex_column_24_24_tablet et_flex_column_24_24_phone et_flex_column_24_24_widescreen et_flex_column_24_24_ultraWide\"><\/div>\n<\/div>\n<\/div>\n\n<div class=\"et_pb_section_4 et_pb_section et_section_regular et_flex_section\"><\/div>","protected":false},"excerpt":{"rendered":"","protected":false},"author":1,"featured_media":0,"parent":1675,"menu_order":0,"comment_status":"closed","ping_status":"closed","template":"","meta":{"_acf_changed":false,"inline_featured_image":false,"footnotes":""},"class_list":["post-1681","page","type-page","status-publish","hentry"],"acf":[],"yoast_head":"<!-- This site is optimized with the Yoast SEO plugin v27.3 - https:\/\/yoast.com\/product\/yoast-seo-wordpress\/ -->\n<title>Conseil strat\u00e9gique - Iniciativas Innovadoras<\/title>\n<meta name=\"robots\" content=\"index, follow, max-snippet:-1, max-image-preview:large, max-video-preview:-1\" \/>\n<link rel=\"canonical\" href=\"https:\/\/iniciativas-innovadoras.es\/fr\/services\/conseil-strategique\/\" \/>\n<meta property=\"og:locale\" content=\"fr_FR\" \/>\n<meta property=\"og:type\" content=\"article\" \/>\n<meta property=\"og:title\" content=\"Conseil strat\u00e9gique - Iniciativas Innovadoras\" \/>\n<meta property=\"og:url\" content=\"https:\/\/iniciativas-innovadoras.es\/fr\/services\/conseil-strategique\/\" \/>\n<meta property=\"og:site_name\" content=\"Iniciativas Innovadoras\" \/>\n<meta property=\"article:modified_time\" content=\"2025-09-18T20:08:10+00:00\" \/>\n<meta property=\"og:image\" content=\"https:\/\/iniciativas-innovadoras.es\/wp-content\/uploads\/2025\/10\/frontend.jpg\" \/>\n\t<meta property=\"og:image:width\" content=\"1200\" \/>\n\t<meta property=\"og:image:height\" content=\"675\" \/>\n\t<meta property=\"og:image:type\" content=\"image\/jpeg\" \/>\n<meta name=\"twitter:card\" content=\"summary_large_image\" \/>\n<meta name=\"twitter:site\" content=\"@iniciativas_in\" \/>\n<script type=\"application\/ld+json\" class=\"yoast-schema-graph\">{\"@context\":\"https:\\\/\\\/schema.org\",\"@graph\":[{\"@type\":\"WebPage\",\"@id\":\"https:\\\/\\\/iniciativas-innovadoras.es\\\/fr\\\/services\\\/conseil-strategique\\\/\",\"url\":\"https:\\\/\\\/iniciativas-innovadoras.es\\\/fr\\\/services\\\/conseil-strategique\\\/\",\"name\":\"Conseil strat\u00e9gique - Iniciativas Innovadoras\",\"isPartOf\":{\"@id\":\"https:\\\/\\\/iniciativas-innovadoras.es\\\/fr\\\/#website\"},\"datePublished\":\"2025-09-08T12:29:37+00:00\",\"dateModified\":\"2025-09-18T20:08:10+00:00\",\"breadcrumb\":{\"@id\":\"https:\\\/\\\/iniciativas-innovadoras.es\\\/fr\\\/services\\\/conseil-strategique\\\/#breadcrumb\"},\"inLanguage\":\"fr-FR\",\"potentialAction\":[{\"@type\":\"ReadAction\",\"target\":[\"https:\\\/\\\/iniciativas-innovadoras.es\\\/fr\\\/services\\\/conseil-strategique\\\/\"]}]},{\"@type\":\"BreadcrumbList\",\"@id\":\"https:\\\/\\\/iniciativas-innovadoras.es\\\/fr\\\/services\\\/conseil-strategique\\\/#breadcrumb\",\"itemListElement\":[{\"@type\":\"ListItem\",\"position\":1,\"name\":\"Portada\",\"item\":\"https:\\\/\\\/iniciativas-innovadoras.es\\\/fr\\\/\"},{\"@type\":\"ListItem\",\"position\":2,\"name\":\"Nos services\",\"item\":\"https:\\\/\\\/iniciativas-innovadoras.es\\\/fr\\\/services\\\/\"},{\"@type\":\"ListItem\",\"position\":3,\"name\":\"Conseil strat\u00e9gique\"}]},{\"@type\":\"WebSite\",\"@id\":\"https:\\\/\\\/iniciativas-innovadoras.es\\\/fr\\\/#website\",\"url\":\"https:\\\/\\\/iniciativas-innovadoras.es\\\/fr\\\/\",\"name\":\"Iniciativas Innovadoras\",\"description\":\"Transformamos ideas en proyectos\",\"publisher\":{\"@id\":\"https:\\\/\\\/iniciativas-innovadoras.es\\\/fr\\\/#organization\"},\"potentialAction\":[{\"@type\":\"SearchAction\",\"target\":{\"@type\":\"EntryPoint\",\"urlTemplate\":\"https:\\\/\\\/iniciativas-innovadoras.es\\\/fr\\\/?s={search_term_string}\"},\"query-input\":{\"@type\":\"PropertyValueSpecification\",\"valueRequired\":true,\"valueName\":\"search_term_string\"}}],\"inLanguage\":\"fr-FR\"},{\"@type\":\"Organization\",\"@id\":\"https:\\\/\\\/iniciativas-innovadoras.es\\\/fr\\\/#organization\",\"name\":\"Iniciativas Innovadoras\",\"url\":\"https:\\\/\\\/iniciativas-innovadoras.es\\\/fr\\\/\",\"logo\":{\"@type\":\"ImageObject\",\"inLanguage\":\"fr-FR\",\"@id\":\"https:\\\/\\\/iniciativas-innovadoras.es\\\/fr\\\/#\\\/schema\\\/logo\\\/image\\\/\",\"url\":\"https:\\\/\\\/iniciativas-innovadoras.es\\\/wp-content\\\/uploads\\\/2025\\\/10\\\/iniciativas-innovadoras-logo-vertical.png\",\"contentUrl\":\"https:\\\/\\\/iniciativas-innovadoras.es\\\/wp-content\\\/uploads\\\/2025\\\/10\\\/iniciativas-innovadoras-logo-vertical.png\",\"width\":696,\"height\":696,\"caption\":\"Iniciativas Innovadoras\"},\"image\":{\"@id\":\"https:\\\/\\\/iniciativas-innovadoras.es\\\/fr\\\/#\\\/schema\\\/logo\\\/image\\\/\"},\"sameAs\":[\"https:\\\/\\\/x.com\\\/iniciativas_in\",\"https:\\\/\\\/www.linkedin.com\\\/company\\\/iniciativasinnovadoras\\\/\"]}]}<\/script>\n<!-- \/ Yoast SEO plugin. -->","yoast_head_json":{"title":"Conseil strat\u00e9gique - Iniciativas Innovadoras","robots":{"index":"index","follow":"follow","max-snippet":"max-snippet:-1","max-image-preview":"max-image-preview:large","max-video-preview":"max-video-preview:-1"},"canonical":"https:\/\/iniciativas-innovadoras.es\/fr\/services\/conseil-strategique\/","og_locale":"fr_FR","og_type":"article","og_title":"Conseil strat\u00e9gique - Iniciativas Innovadoras","og_url":"https:\/\/iniciativas-innovadoras.es\/fr\/services\/conseil-strategique\/","og_site_name":"Iniciativas Innovadoras","article_modified_time":"2025-09-18T20:08:10+00:00","og_image":[{"width":1200,"height":675,"url":"https:\/\/iniciativas-innovadoras.es\/wp-content\/uploads\/2025\/10\/frontend.jpg","type":"image\/jpeg"}],"twitter_card":"summary_large_image","twitter_site":"@iniciativas_in","schema":{"@context":"https:\/\/schema.org","@graph":[{"@type":"WebPage","@id":"https:\/\/iniciativas-innovadoras.es\/fr\/services\/conseil-strategique\/","url":"https:\/\/iniciativas-innovadoras.es\/fr\/services\/conseil-strategique\/","name":"Conseil strat\u00e9gique - Iniciativas Innovadoras","isPartOf":{"@id":"https:\/\/iniciativas-innovadoras.es\/fr\/#website"},"datePublished":"2025-09-08T12:29:37+00:00","dateModified":"2025-09-18T20:08:10+00:00","breadcrumb":{"@id":"https:\/\/iniciativas-innovadoras.es\/fr\/services\/conseil-strategique\/#breadcrumb"},"inLanguage":"fr-FR","potentialAction":[{"@type":"ReadAction","target":["https:\/\/iniciativas-innovadoras.es\/fr\/services\/conseil-strategique\/"]}]},{"@type":"BreadcrumbList","@id":"https:\/\/iniciativas-innovadoras.es\/fr\/services\/conseil-strategique\/#breadcrumb","itemListElement":[{"@type":"ListItem","position":1,"name":"Portada","item":"https:\/\/iniciativas-innovadoras.es\/fr\/"},{"@type":"ListItem","position":2,"name":"Nos services","item":"https:\/\/iniciativas-innovadoras.es\/fr\/services\/"},{"@type":"ListItem","position":3,"name":"Conseil strat\u00e9gique"}]},{"@type":"WebSite","@id":"https:\/\/iniciativas-innovadoras.es\/fr\/#website","url":"https:\/\/iniciativas-innovadoras.es\/fr\/","name":"Iniciativas Innovadoras","description":"Transformamos ideas en proyectos","publisher":{"@id":"https:\/\/iniciativas-innovadoras.es\/fr\/#organization"},"potentialAction":[{"@type":"SearchAction","target":{"@type":"EntryPoint","urlTemplate":"https:\/\/iniciativas-innovadoras.es\/fr\/?s={search_term_string}"},"query-input":{"@type":"PropertyValueSpecification","valueRequired":true,"valueName":"search_term_string"}}],"inLanguage":"fr-FR"},{"@type":"Organization","@id":"https:\/\/iniciativas-innovadoras.es\/fr\/#organization","name":"Iniciativas Innovadoras","url":"https:\/\/iniciativas-innovadoras.es\/fr\/","logo":{"@type":"ImageObject","inLanguage":"fr-FR","@id":"https:\/\/iniciativas-innovadoras.es\/fr\/#\/schema\/logo\/image\/","url":"https:\/\/iniciativas-innovadoras.es\/wp-content\/uploads\/2025\/10\/iniciativas-innovadoras-logo-vertical.png","contentUrl":"https:\/\/iniciativas-innovadoras.es\/wp-content\/uploads\/2025\/10\/iniciativas-innovadoras-logo-vertical.png","width":696,"height":696,"caption":"Iniciativas Innovadoras"},"image":{"@id":"https:\/\/iniciativas-innovadoras.es\/fr\/#\/schema\/logo\/image\/"},"sameAs":["https:\/\/x.com\/iniciativas_in","https:\/\/www.linkedin.com\/company\/iniciativasinnovadoras\/"]}]}},"_links":{"self":[{"href":"https:\/\/iniciativas-innovadoras.es\/fr\/wp-json\/wp\/v2\/pages\/1681","targetHints":{"allow":["GET"]}}],"collection":[{"href":"https:\/\/iniciativas-innovadoras.es\/fr\/wp-json\/wp\/v2\/pages"}],"about":[{"href":"https:\/\/iniciativas-innovadoras.es\/fr\/wp-json\/wp\/v2\/types\/page"}],"author":[{"embeddable":true,"href":"https:\/\/iniciativas-innovadoras.es\/fr\/wp-json\/wp\/v2\/users\/1"}],"replies":[{"embeddable":true,"href":"https:\/\/iniciativas-innovadoras.es\/fr\/wp-json\/wp\/v2\/comments?post=1681"}],"version-history":[{"count":3,"href":"https:\/\/iniciativas-innovadoras.es\/fr\/wp-json\/wp\/v2\/pages\/1681\/revisions"}],"predecessor-version":[{"id":2367,"href":"https:\/\/iniciativas-innovadoras.es\/fr\/wp-json\/wp\/v2\/pages\/1681\/revisions\/2367"}],"up":[{"embeddable":true,"href":"https:\/\/iniciativas-innovadoras.es\/fr\/wp-json\/wp\/v2\/pages\/1675"}],"wp:attachment":[{"href":"https:\/\/iniciativas-innovadoras.es\/fr\/wp-json\/wp\/v2\/media?parent=1681"}],"curies":[{"name":"wp","href":"https:\/\/api.w.org\/{rel}","templated":true}]}}