{"id":1678,"date":"2025-09-08T14:28:44","date_gmt":"2025-09-08T12:28:44","guid":{"rendered":"https:\/\/iniciativas-innovadoras.es\/servicios\/proyectos-europeos\/"},"modified":"2025-10-13T11:16:16","modified_gmt":"2025-10-13T09:16:16","slug":"projets-europeens","status":"publish","type":"page","link":"https:\/\/iniciativas-innovadoras.es\/fr\/services\/projets-europeens\/","title":{"rendered":"Projets Europ\u00e9ens"},"content":{"rendered":"<div class=\"et_pb_section_0 et_pb_section et_section_regular et_flex_section\">\n<div class=\"et_pb_row_0 et_pb_row et_flex_row et_animated\">\n<div class=\"et_pb_column_0 et_pb_column et-last-child et_flex_column et_pb_css_mix_blend_mode_passthrough et_flex_column_24_24 et_flex_column_24_24_tablet et_flex_column_24_24_phone et_flex_column_24_24_widescreen et_flex_column_24_24_ultraWide\">\n<div class=\"et_pb_text_0 et_pb_text et_pb_bg_layout_light et_pb_module et_flex_module preset--module--divi-text--xehwm5m9c2\"><div class=\"et_pb_text_inner\"><h1>Projets Europ\u00e9ens<\/h1>\n<\/div><\/div>\n\n<div class=\"et_pb_text_1 et_pb_text et_pb_bg_layout_light et_pb_module et_flex_module\"><div class=\"et_pb_text_inner\"><ol class=\"breadcrumbs\" itemscope itemtype=\"http:\/\/schema.org\/BreadcrumbList\"><li itemprop=\"itemListElement\" itemscope itemtype=\"http:\/\/schema.org\/ListItem\"><a itemprop=\"item\" href=\"https:\/\/iniciativas-innovadoras.es\/fr\/\"><span itemprop=\"name\">Accueil<\/span><\/a><meta itemprop=\"position\" content=\"1\"><\/li><\/ol>\n<\/div><\/div>\n\n<div class=\"et_pb_text_2 et_pb_text et_pb_bg_layout_light et_pb_module et_flex_module\"><div class=\"et_pb_text_inner\"><p>Nous apportons une vaste exp\u00e9rience dans l'\u00e9laboration de projets europ\u00e9ens avec plus de <strong>200 propositions pr\u00e9sent\u00e9es<\/strong> aux diff\u00e9rents programmes europ\u00e9ens de R&amp;D, de coop\u00e9ration territoriale, d'environnement et de d\u00e9veloppement durable, de comp\u00e9titivit\u00e9, d'\u00e9nergie, de formation, d\u2019emploi et d'innovation sociale.<\/p>\n<p>Nous garantissons de bons r\u00e9sultats et un taux de r\u00e9ussite \u00e9lev\u00e9. Nous avons obtenu pour nos clients un <strong>retour de plus de 60 M\u20ac du FEDER<\/strong> dans les programmes de coop\u00e9ration territoriale europ\u00e9enne au cours des trois derni\u00e8res p\u00e9riodes de programmation.<\/p>\n<p>Nous accompagnons nos clients tout au long du cycle de vie des projets, en assurant une bonne gestion et coordination des consortiums et des projets. Au cours de la p\u00e9riode 2014-2020, nous avons apport\u00e9 une <strong>assistance technique de coordination \u00e0 plus de 30 projets<\/strong>.<\/p>\n<p>Nous participons en tant que partenaires \u00e0 des projets, en concevant et en assurant la <strong>communication et la diffusion<\/strong> de leurs activit\u00e9s et de leurs r\u00e9sultats.<\/p>\n<p>Nous travaillons dans deux domaines :<\/p>\n<\/div><\/div>\n\n<div class=\"et_pb_text_3 et_pb_text et_pb_bg_layout_light et_pb_module et_flex_module trigger-black\"><div class=\"et_pb_text_inner\"><ul>\n<li>Pr\u00e9paration de propositions, et gestion et coordination de projets.<\/li>\n<li>Communication et diffusion.<\/li>\n<\/ul>\n<\/div><\/div>\n<\/div>\n<\/div>\n<\/div>\n\n<div class=\"et_pb_section_1 et_pb_section et_section_regular et_flex_section et_animated entry-content\">\n<div class=\"et_pb_row_1 et_pb_row et_flex_row\">\n<div class=\"et_pb_column_1 et_pb_column et-last-child et_flex_column et_pb_css_mix_blend_mode_passthrough et_flex_column_24_24 et_flex_column_24_24_tablet et_flex_column_24_24_phone et_flex_column_24_24_widescreen et_flex_column_24_24_ultraWide\">\n<div class=\"et_pb_text_4 et_pb_text et_pb_bg_layout_light et_pb_module et_flex_module\"><div class=\"et_pb_text_inner\"><h2>Notre valeur<\/h2>\n<\/div><\/div>\n\n<div class=\"et_pb_text_5 et_pb_text et_pb_bg_layout_light et_pb_module et_flex_module\"><div class=\"et_pb_text_inner\"><h3>Pr\u00e9paration de propositions, et gestion et coordination de projets.<\/h3>\n<\/div><\/div>\n\n<div class=\"et_pb_text_6 et_pb_text et_pb_bg_layout_dark et_pb_module et_flex_module\"><div class=\"et_pb_text_inner\"><p>Nous offrons une assistance technique pour la pr\u00e9paration, la participation et la gestion de projets et programmes des appels \u00e0 propositions de l'Union europ\u00e9enne.<\/p>\n<ul>\n<li>Nous connaissons les lignes directrices et les strat\u00e9gies promues par la Commission europ\u00e9enne, les opportunit\u00e9s de financement et les r\u00e8gles du jeu.<\/li>\n<li>Nous analysons et partageons les initiatives et les activit\u00e9s de nos clients.<\/li>\n<li>Nous identifions les opportunit\u00e9s, alignons les id\u00e9es sur les strat\u00e9gies et les appels \u00e0 propositions europ\u00e9ens et les transformons en candidatures r\u00e9ussies.<\/li>\n<li>Nous offrons un large r\u00e9seau d'entit\u00e9s au niveau europ\u00e9en pour identifier les meilleurs partenaires pour int\u00e9grer les consortiums.<\/li>\n<li>Nous facilitons la pr\u00e9sence et le positionnement des organisations dans le domaine des programmes et projets europ\u00e9ens.<\/li>\n<li>Nous ma\u00eetrisons chaque partie du processus, de la r\u00e9daction \u00e0 la n\u00e9gociation, de la gestion \u00e0 la coordination entre les partenaires, du suivi financier \u00e0 la piste d'audit, pour vous faciliter la t\u00e2che.<\/li>\n<\/ul>\n<\/div><\/div>\n\n<div class=\"et_pb_text_7 et_pb_text et_pb_bg_layout_light et_pb_module et_flex_module\"><div class=\"et_pb_text_inner\"><h3>Communication et diffusion<\/h3>\n<\/div><\/div>\n\n<div class=\"et_pb_text_8 et_pb_text et_pb_bg_layout_dark et_pb_module et_flex_module trigger-black\"><div class=\"et_pb_text_inner\"><p>Nous concevons et ex\u00e9cutons des strat\u00e9gies de communication efficaces de projets europ\u00e9ens, auxquels nous participons en tant que partenaire.<\/p>\n<ul>\n<li>Nous assurons la visibilit\u00e9 des projets dans toute l'Europe par le biais des m\u00e9dias, des r\u00e9seaux sociaux et des r\u00e9seaux th\u00e9matiques.<\/li>\n<li>Nous r\u00e9alisons et ex\u00e9cutons des plans de communication r\u00e9alistes et efficaces. <\/li>\n<li>Nous aidons nos partenaires de projet \u00e0 assurer la communication de leurs activit\u00e9s.<\/li>\n<li>Nous cr\u00e9ons des liens entre les entit\u00e9s et les projets au niveau europ\u00e9en.<\/li>\n<\/ul>\n<\/div><\/div>\n<\/div>\n<\/div>\n<\/div>\n\n<div class=\"et_pb_section_2 et_pb_section et_section_regular et_flex_section et_animated entry-content\">\n<div class=\"et_pb_row_2 et_pb_row et_flex_row\">\n<div class=\"et_pb_column_2 et_pb_column et-last-child et_flex_column et_pb_css_mix_blend_mode_passthrough et_flex_column_24_24 et_flex_column_24_24_tablet et_flex_column_24_24_phone et_flex_column_24_24_widescreen et_flex_column_24_24_ultraWide\">\n<div class=\"et_pb_text_9 et_pb_text et_pb_bg_layout_light et_pb_module et_flex_module\"><div class=\"et_pb_text_inner\"><h2 class=\"ayuda-title aos-init aos-animate\" data-aos=\"fade-up\" data-aos-duration=\"3000\">Comment pouvons-nous vous aider<\/h2>\n<\/div><\/div>\n\n<div class=\"et_pb_text_10 et_pb_text et_pb_bg_layout_light et_pb_module et_flex_module\"><div class=\"et_pb_text_inner\"><h3>Pr\u00e9paration de propositions, et gestion et coordination de projets<\/h3>\n<\/div><\/div>\n\n<div class=\"et_pb_text_11 et_pb_text et_pb_bg_layout_light et_pb_module et_flex_module\"><div class=\"et_pb_text_inner\"><ul>\n<li>Conseil et identification des opportunit\u00e9s<\/li>\n<li>Recherche de partenaires et cr\u00e9ation de consortiums europ\u00e9ens<\/li>\n<li>Conception, formulation et pr\u00e9sentation de projets<\/li>\n<li>N\u00e9gociation et signature des accords de financement<\/li>\n<li>Assistance int\u00e9grale du lancement jusqu\u2019\u00e0 la cl\u00f4ture du projet <\/li>\n<li>Coordination et Gestion technique, administrative et financi\u00e8re<\/li>\n<\/ul>\n<\/div><\/div>\n\n<div class=\"et_pb_text_12 et_pb_text et_pb_bg_layout_light et_pb_module et_flex_module\"><div class=\"et_pb_text_inner\"><h3>Communication et diffusion<\/h3>\n<\/div><\/div>\n\n<div class=\"et_pb_text_13 et_pb_text et_pb_bg_layout_light et_pb_module et_flex_module\"><div class=\"et_pb_text_inner\"><ul>\n<li>Elaboration de la proposition du package de communication et de l'impact du projet<\/li>\n<li>Elaboration du Plan de Communication<\/li>\n<li>Conception des outils et du mat\u00e9riel n\u00e9cessaires \u00e0 la mise en \u0153uvre du Plan de Communication<\/li>\n<li>Coordination et suivi des activit\u00e9s de communication des partenaires dans le cadre du projet<\/li>\n<\/ul>\n<\/div><\/div>\n<\/div>\n<\/div>\n<\/div>\n\n<div class=\"et_pb_section_3 et_pb_section et_section_regular et_flex_section et_animated entry-content\">\n<div class=\"et_pb_row_3 et_pb_row et_flex_row\">\n<div class=\"et_pb_column_3 et_pb_column et-last-child et_flex_column et_pb_css_mix_blend_mode_passthrough et_flex_column_24_24 et_flex_column_24_24_tablet et_flex_column_24_24_phone et_flex_column_24_24_widescreen et_flex_column_24_24_ultraWide\">\n<div class=\"et_pb_text_14 et_pb_text et_pb_bg_layout_light et_pb_module et_flex_module\"><div class=\"et_pb_text_inner\"><h2>Contactez-nous<\/h2>\n<\/div><\/div>\n<\/div>\n<\/div>\n\n<div class=\"et_pb_row_4 et_pb_row et_flex_row equipo\">\n<div class=\"et_pb_column_4 et_pb_column et_flex_column et_pb_css_mix_blend_mode_passthrough et_flex_column_24_24 et_flex_column_24_24_tablet et_flex_column_24_24_phone et_flex_column_24_24_widescreen et_flex_column_24_24_ultraWide\">\n<div class=\"et_pb_blurb_0 et_pb_blurb et_pb_bg_layout_light et_pb_blurb_position_top et_pb_module et_flex_module\"><div class=\"et_pb_blurb_content et_flex_module\"><div class=\"et_pb_main_blurb_image\"><span class=\"et_pb_image_wrap et_pb_only_image_mode_wrap\"><img loading=\"lazy\" decoding=\"async\" src=\"https:\/\/iniciativas-innovadoras.es\/wp-content\/uploads\/2025\/09\/joseba-aranguren.jpeg\" width=\"515\" height=\"620\" srcset=\"https:\/\/iniciativas-innovadoras.es\/wp-content\/uploads\/2025\/09\/joseba-aranguren.jpeg 515w, https:\/\/iniciativas-innovadoras.es\/wp-content\/uploads\/2025\/09\/joseba-aranguren-480x578.jpeg 480w\" sizes=\"(min-width: 0px) and (max-width: 480px) 480px, (min-width: 481px) 515px, 100vw\" class=\"wp-image-1423\" alt=\"Joseba Aranguren\" \/><\/span><\/div><div class=\"et_pb_blurb_container\"><h3 class=\"et_pb_module_header\">Joseba Aranguren<\/h3><div class=\"et_pb_blurb_description\"><p>Pr\u00e9paration de propositions, et gestion et coordination de projets<\/p>\n<p><a class=\"text-underline\" href=\"mailto:jaranguren@iniciativas-innovadoras.es\" target=\"_blank\" rel=\"noopener\">jaranguren@iniciativas-innovadoras.es<\/a><\/p>\n<\/div><\/div><\/div><\/div>\n\n<ul class=\"et_pb_social_media_follow_0 et_pb_social_media_follow et_pb_bg_layout_light et_pb_module et_flex_module\">\n<li class=\"et_pb_social_media_follow_network_0 et_pb_social_media_follow_network et_pb_social_icon et_pb_social_network_link et-social-linkedin et_pb_module et_flex_module\"><a href=\"https:\/\/www.linkedin.com\/in\/joseba-aranguren-garde-60571b40\/?originalSubdomain=es\" class=\"icon\" target=\"_blank\" title=\"Suivre sur LinkedIn\" rel=\"noopener\"><span class=\"et_pb_social_media_follow_network_name\">Suivre<\/span><\/a><\/li>\n\n<li class=\"et_pb_social_media_follow_network_1 et_pb_social_media_follow_network et_pb_social_icon et_pb_social_network_link et-pb-social-fa-icon et-social-line et_pb_module et_flex_module\"><a href=\"mailto:jaranguren@iniciativas-innovadoras.es\" class=\"icon\" target=\"_blank\" title=\"Suivre sur Line\" rel=\"noopener\"><span class=\"et_pb_social_media_follow_network_name\">Suivre<\/span><\/a><\/li>\n<\/ul>\n<\/div>\n\n<div class=\"et_pb_column_5 et_pb_column et-last-child et_flex_column et_pb_css_mix_blend_mode_passthrough et_flex_column_24_24 et_flex_column_24_24_tablet et_flex_column_24_24_phone et_flex_column_24_24_widescreen et_flex_column_24_24_ultraWide\">\n<div class=\"et_pb_blurb_1 et_pb_blurb et_pb_bg_layout_light et_pb_blurb_position_top et_pb_module et_flex_module\"><div class=\"et_pb_blurb_content et_flex_module\"><div class=\"et_pb_main_blurb_image\"><span class=\"et_pb_image_wrap et_pb_only_image_mode_wrap\"><img loading=\"lazy\" decoding=\"async\" src=\"https:\/\/iniciativas-innovadoras.es\/wp-content\/uploads\/2025\/09\/camino-fabregas.jpeg\" width=\"515\" height=\"620\" srcset=\"https:\/\/iniciativas-innovadoras.es\/wp-content\/uploads\/2025\/09\/camino-fabregas.jpeg 515w, https:\/\/iniciativas-innovadoras.es\/wp-content\/uploads\/2025\/09\/camino-fabregas-480x578.jpeg 480w\" sizes=\"(min-width: 0px) and (max-width: 480px) 480px, (min-width: 481px) 515px, 100vw\" class=\"wp-image-1407\" alt=\"Camino F\u00e1bregas\" \/><\/span><\/div><div class=\"et_pb_blurb_container\"><h3 class=\"et_pb_module_header\">Camino F\u00e1bregas<\/h3><div class=\"et_pb_blurb_description\"><p>Communication et diffusion<\/p>\n<p><a class=\"text-underline\" href=\"mailto:cfabregas@iniciativas-innovadoras.es\" target=\"_blank\" rel=\"noopener\">cfabregas@iniciativas-innovadoras.es<\/a><\/p>\n<\/div><\/div><\/div><\/div>\n\n<ul class=\"et_pb_social_media_follow_1 et_pb_social_media_follow et_pb_bg_layout_light et_pb_module et_flex_module\">\n<li class=\"et_pb_social_media_follow_network_2 et_pb_social_media_follow_network et_pb_social_icon et_pb_social_network_link et-social-linkedin et_pb_module et_flex_module\"><a href=\"https:\/\/www.linkedin.com\/in\/caminof%C3%A1bregas\/\" class=\"icon\" target=\"_blank\" title=\"Suivre sur LinkedIn\" rel=\"noopener\"><span class=\"et_pb_social_media_follow_network_name\">Suivre<\/span><\/a><\/li>\n\n<li class=\"et_pb_social_media_follow_network_3 et_pb_social_media_follow_network et_pb_social_icon et_pb_social_network_link et-pb-social-fa-icon et-social-line et_pb_module et_flex_module\"><a href=\"mailto:cfabregas@iniciativas-innovadoras.es\" class=\"icon\" target=\"_blank\" title=\"Suivre sur Line\" rel=\"noopener\"><span class=\"et_pb_social_media_follow_network_name\">Suivre<\/span><\/a><\/li>\n<\/ul>\n\n<div class=\"et_pb_text_15 et_pb_text et_pb_bg_layout_light et_pb_module et_flex_module trigger-black\"><\/div>\n<\/div>\n<\/div>\n<\/div>\n\n<div class=\"et_pb_section_4 et_pb_section et_section_regular et_flex_section et_animated\">\n<div class=\"et_pb_row_5 et_pb_row et_flex_row\">\n<div class=\"et_pb_column_6 et_pb_column et-last-child et_flex_column et_pb_css_mix_blend_mode_passthrough et_flex_column_24_24 et_flex_column_24_24_tablet et_flex_column_24_24_phone et_flex_column_24_24_widescreen et_flex_column_24_24_ultraWide\">\n<div class=\"et_pb_text_16 et_pb_text et_pb_bg_layout_light et_pb_module et_flex_module\"><div class=\"et_pb_text_inner\"><h2>Programmes<\/h2>\n<\/div><\/div>\n\n<div class=\"et_pb_text_17 et_pb_text et_pb_bg_layout_dark et_pb_module et_flex_module\"><div class=\"et_pb_text_inner\"><ul>\n<li>Coop\u00e9ration territoriale europ\u00e9enne (INTERREG)\n<ul>\n<li>POCTEFA Espagne-France Andorre<\/li>\n<li>SUDOE Europe du Sud-Ouest<\/li>\n<li>ESPACE ATLANTIQUE<\/li>\n<li>MED<\/li>\n<li>EUROPE<\/li>\n<\/ul>\n<\/li>\n<li>HORIZON 2020 \/ HORIZON EUROPE<\/li>\n<li>LIFE<\/li>\n<li>ERASMUS+<\/li>\n<li>PRIMA<\/li>\n<li>Urban Innovative Actions<\/li>\n<li>COSME<\/li>\n<\/ul>\n<\/div><\/div>\n<\/div>\n<\/div>\n<\/div>\n\n<div class=\"et_pb_section_5 et_pb_section et_section_regular et_flex_section\"><\/div>","protected":false},"excerpt":{"rendered":"","protected":false},"author":1,"featured_media":0,"parent":1675,"menu_order":0,"comment_status":"closed","ping_status":"closed","template":"","meta":{"_acf_changed":false,"inline_featured_image":false,"footnotes":""},"class_list":["post-1678","page","type-page","status-publish","hentry"],"acf":[],"yoast_head":"<!-- This site is optimized with the Yoast SEO plugin v27.3 - https:\/\/yoast.com\/product\/yoast-seo-wordpress\/ -->\n<title>Projets Europ\u00e9ens - Iniciativas Innovadoras<\/title>\n<meta name=\"robots\" content=\"index, follow, max-snippet:-1, max-image-preview:large, max-video-preview:-1\" \/>\n<link rel=\"canonical\" href=\"https:\/\/iniciativas-innovadoras.es\/fr\/services\/projets-europeens\/\" \/>\n<meta property=\"og:locale\" content=\"fr_FR\" \/>\n<meta property=\"og:type\" content=\"article\" \/>\n<meta property=\"og:title\" content=\"Projets Europ\u00e9ens - Iniciativas Innovadoras\" \/>\n<meta property=\"og:url\" content=\"https:\/\/iniciativas-innovadoras.es\/fr\/services\/projets-europeens\/\" \/>\n<meta property=\"og:site_name\" content=\"Iniciativas Innovadoras\" \/>\n<meta property=\"article:modified_time\" content=\"2025-10-13T09:16:16+00:00\" \/>\n<meta property=\"og:image\" content=\"https:\/\/iniciativas-innovadoras.es\/wp-content\/uploads\/2025\/10\/frontend.jpg\" \/>\n\t<meta property=\"og:image:width\" content=\"1200\" \/>\n\t<meta property=\"og:image:height\" content=\"675\" \/>\n\t<meta property=\"og:image:type\" content=\"image\/jpeg\" \/>\n<meta name=\"twitter:card\" content=\"summary_large_image\" \/>\n<meta name=\"twitter:site\" content=\"@iniciativas_in\" \/>\n<script type=\"application\/ld+json\" class=\"yoast-schema-graph\">{\"@context\":\"https:\\\/\\\/schema.org\",\"@graph\":[{\"@type\":\"WebPage\",\"@id\":\"https:\\\/\\\/iniciativas-innovadoras.es\\\/fr\\\/services\\\/projets-europeens\\\/\",\"url\":\"https:\\\/\\\/iniciativas-innovadoras.es\\\/fr\\\/services\\\/projets-europeens\\\/\",\"name\":\"Projets Europ\u00e9ens - Iniciativas Innovadoras\",\"isPartOf\":{\"@id\":\"https:\\\/\\\/iniciativas-innovadoras.es\\\/fr\\\/#website\"},\"datePublished\":\"2025-09-08T12:28:44+00:00\",\"dateModified\":\"2025-10-13T09:16:16+00:00\",\"breadcrumb\":{\"@id\":\"https:\\\/\\\/iniciativas-innovadoras.es\\\/fr\\\/services\\\/projets-europeens\\\/#breadcrumb\"},\"inLanguage\":\"fr-FR\",\"potentialAction\":[{\"@type\":\"ReadAction\",\"target\":[\"https:\\\/\\\/iniciativas-innovadoras.es\\\/fr\\\/services\\\/projets-europeens\\\/\"]}]},{\"@type\":\"BreadcrumbList\",\"@id\":\"https:\\\/\\\/iniciativas-innovadoras.es\\\/fr\\\/services\\\/projets-europeens\\\/#breadcrumb\",\"itemListElement\":[{\"@type\":\"ListItem\",\"position\":1,\"name\":\"Portada\",\"item\":\"https:\\\/\\\/iniciativas-innovadoras.es\\\/fr\\\/\"},{\"@type\":\"ListItem\",\"position\":2,\"name\":\"Nos services\",\"item\":\"https:\\\/\\\/iniciativas-innovadoras.es\\\/fr\\\/services\\\/\"},{\"@type\":\"ListItem\",\"position\":3,\"name\":\"Projets Europ\u00e9ens\"}]},{\"@type\":\"WebSite\",\"@id\":\"https:\\\/\\\/iniciativas-innovadoras.es\\\/fr\\\/#website\",\"url\":\"https:\\\/\\\/iniciativas-innovadoras.es\\\/fr\\\/\",\"name\":\"Iniciativas Innovadoras\",\"description\":\"Transformamos ideas en proyectos\",\"publisher\":{\"@id\":\"https:\\\/\\\/iniciativas-innovadoras.es\\\/fr\\\/#organization\"},\"potentialAction\":[{\"@type\":\"SearchAction\",\"target\":{\"@type\":\"EntryPoint\",\"urlTemplate\":\"https:\\\/\\\/iniciativas-innovadoras.es\\\/fr\\\/?s={search_term_string}\"},\"query-input\":{\"@type\":\"PropertyValueSpecification\",\"valueRequired\":true,\"valueName\":\"search_term_string\"}}],\"inLanguage\":\"fr-FR\"},{\"@type\":\"Organization\",\"@id\":\"https:\\\/\\\/iniciativas-innovadoras.es\\\/fr\\\/#organization\",\"name\":\"Iniciativas Innovadoras\",\"url\":\"https:\\\/\\\/iniciativas-innovadoras.es\\\/fr\\\/\",\"logo\":{\"@type\":\"ImageObject\",\"inLanguage\":\"fr-FR\",\"@id\":\"https:\\\/\\\/iniciativas-innovadoras.es\\\/fr\\\/#\\\/schema\\\/logo\\\/image\\\/\",\"url\":\"https:\\\/\\\/iniciativas-innovadoras.es\\\/wp-content\\\/uploads\\\/2025\\\/10\\\/iniciativas-innovadoras-logo-vertical.png\",\"contentUrl\":\"https:\\\/\\\/iniciativas-innovadoras.es\\\/wp-content\\\/uploads\\\/2025\\\/10\\\/iniciativas-innovadoras-logo-vertical.png\",\"width\":696,\"height\":696,\"caption\":\"Iniciativas Innovadoras\"},\"image\":{\"@id\":\"https:\\\/\\\/iniciativas-innovadoras.es\\\/fr\\\/#\\\/schema\\\/logo\\\/image\\\/\"},\"sameAs\":[\"https:\\\/\\\/x.com\\\/iniciativas_in\",\"https:\\\/\\\/www.linkedin.com\\\/company\\\/iniciativasinnovadoras\\\/\"]}]}<\/script>\n<!-- \/ Yoast SEO plugin. -->","yoast_head_json":{"title":"Projets Europ\u00e9ens - Iniciativas Innovadoras","robots":{"index":"index","follow":"follow","max-snippet":"max-snippet:-1","max-image-preview":"max-image-preview:large","max-video-preview":"max-video-preview:-1"},"canonical":"https:\/\/iniciativas-innovadoras.es\/fr\/services\/projets-europeens\/","og_locale":"fr_FR","og_type":"article","og_title":"Projets Europ\u00e9ens - Iniciativas Innovadoras","og_url":"https:\/\/iniciativas-innovadoras.es\/fr\/services\/projets-europeens\/","og_site_name":"Iniciativas Innovadoras","article_modified_time":"2025-10-13T09:16:16+00:00","og_image":[{"width":1200,"height":675,"url":"https:\/\/iniciativas-innovadoras.es\/wp-content\/uploads\/2025\/10\/frontend.jpg","type":"image\/jpeg"}],"twitter_card":"summary_large_image","twitter_site":"@iniciativas_in","schema":{"@context":"https:\/\/schema.org","@graph":[{"@type":"WebPage","@id":"https:\/\/iniciativas-innovadoras.es\/fr\/services\/projets-europeens\/","url":"https:\/\/iniciativas-innovadoras.es\/fr\/services\/projets-europeens\/","name":"Projets Europ\u00e9ens - Iniciativas Innovadoras","isPartOf":{"@id":"https:\/\/iniciativas-innovadoras.es\/fr\/#website"},"datePublished":"2025-09-08T12:28:44+00:00","dateModified":"2025-10-13T09:16:16+00:00","breadcrumb":{"@id":"https:\/\/iniciativas-innovadoras.es\/fr\/services\/projets-europeens\/#breadcrumb"},"inLanguage":"fr-FR","potentialAction":[{"@type":"ReadAction","target":["https:\/\/iniciativas-innovadoras.es\/fr\/services\/projets-europeens\/"]}]},{"@type":"BreadcrumbList","@id":"https:\/\/iniciativas-innovadoras.es\/fr\/services\/projets-europeens\/#breadcrumb","itemListElement":[{"@type":"ListItem","position":1,"name":"Portada","item":"https:\/\/iniciativas-innovadoras.es\/fr\/"},{"@type":"ListItem","position":2,"name":"Nos services","item":"https:\/\/iniciativas-innovadoras.es\/fr\/services\/"},{"@type":"ListItem","position":3,"name":"Projets Europ\u00e9ens"}]},{"@type":"WebSite","@id":"https:\/\/iniciativas-innovadoras.es\/fr\/#website","url":"https:\/\/iniciativas-innovadoras.es\/fr\/","name":"Iniciativas Innovadoras","description":"Transformamos ideas en proyectos","publisher":{"@id":"https:\/\/iniciativas-innovadoras.es\/fr\/#organization"},"potentialAction":[{"@type":"SearchAction","target":{"@type":"EntryPoint","urlTemplate":"https:\/\/iniciativas-innovadoras.es\/fr\/?s={search_term_string}"},"query-input":{"@type":"PropertyValueSpecification","valueRequired":true,"valueName":"search_term_string"}}],"inLanguage":"fr-FR"},{"@type":"Organization","@id":"https:\/\/iniciativas-innovadoras.es\/fr\/#organization","name":"Iniciativas Innovadoras","url":"https:\/\/iniciativas-innovadoras.es\/fr\/","logo":{"@type":"ImageObject","inLanguage":"fr-FR","@id":"https:\/\/iniciativas-innovadoras.es\/fr\/#\/schema\/logo\/image\/","url":"https:\/\/iniciativas-innovadoras.es\/wp-content\/uploads\/2025\/10\/iniciativas-innovadoras-logo-vertical.png","contentUrl":"https:\/\/iniciativas-innovadoras.es\/wp-content\/uploads\/2025\/10\/iniciativas-innovadoras-logo-vertical.png","width":696,"height":696,"caption":"Iniciativas Innovadoras"},"image":{"@id":"https:\/\/iniciativas-innovadoras.es\/fr\/#\/schema\/logo\/image\/"},"sameAs":["https:\/\/x.com\/iniciativas_in","https:\/\/www.linkedin.com\/company\/iniciativasinnovadoras\/"]}]}},"_links":{"self":[{"href":"https:\/\/iniciativas-innovadoras.es\/fr\/wp-json\/wp\/v2\/pages\/1678","targetHints":{"allow":["GET"]}}],"collection":[{"href":"https:\/\/iniciativas-innovadoras.es\/fr\/wp-json\/wp\/v2\/pages"}],"about":[{"href":"https:\/\/iniciativas-innovadoras.es\/fr\/wp-json\/wp\/v2\/types\/page"}],"author":[{"embeddable":true,"href":"https:\/\/iniciativas-innovadoras.es\/fr\/wp-json\/wp\/v2\/users\/1"}],"replies":[{"embeddable":true,"href":"https:\/\/iniciativas-innovadoras.es\/fr\/wp-json\/wp\/v2\/comments?post=1678"}],"version-history":[{"count":3,"href":"https:\/\/iniciativas-innovadoras.es\/fr\/wp-json\/wp\/v2\/pages\/1678\/revisions"}],"predecessor-version":[{"id":2504,"href":"https:\/\/iniciativas-innovadoras.es\/fr\/wp-json\/wp\/v2\/pages\/1678\/revisions\/2504"}],"up":[{"embeddable":true,"href":"https:\/\/iniciativas-innovadoras.es\/fr\/wp-json\/wp\/v2\/pages\/1675"}],"wp:attachment":[{"href":"https:\/\/iniciativas-innovadoras.es\/fr\/wp-json\/wp\/v2\/media?parent=1678"}],"curies":[{"name":"wp","href":"https:\/\/api.w.org\/{rel}","templated":true}]}}