{"id":1675,"date":"2025-09-03T18:14:20","date_gmt":"2025-09-03T16:14:20","guid":{"rendered":"https:\/\/iniciativas-innovadoras.es\/servicios\/"},"modified":"2025-09-18T18:01:15","modified_gmt":"2025-09-18T16:01:15","slug":"services","status":"publish","type":"page","link":"https:\/\/iniciativas-innovadoras.es\/fr\/services\/","title":{"rendered":"Nos services"},"content":{"rendered":"<div class=\"et_pb_section_0 et_pb_section et_section_regular et_block_section\">\n<div class=\"et_pb_row_0 et_pb_row et_flex_row\">\n<div class=\"et_pb_column_0 et_pb_column et_block_column et_pb_column_empty et_pb_css_mix_blend_mode_passthrough et_flex_column_24_24 et_flex_column_24_24_tablet et_flex_column_24_24_phone et_flex_column_24_24_ultraWide\"><\/div>\n\n<div class=\"et_pb_column_1 et_pb_column et-last-child et_flex_column et_pb_css_mix_blend_mode_passthrough et_flex_column_24_24 et_flex_column_24_24_tablet et_flex_column_24_24_phone et_flex_column_24_24_widescreen et_flex_column_24_24_ultraWide\">\n<div class=\"et_pb_text_0 et_pb_text et_pb_bg_layout_light et_animated et_pb_module et_flex_module\"><div class=\"et_pb_text_inner\"><h1>Nos services<\/h1>\n<\/div><\/div>\n\n<div class=\"et_pb_text_1 et_pb_text et_pb_bg_layout_light et_animated et_pb_module et_flex_module\"><div class=\"et_pb_text_inner\"><ol class=\"breadcrumbs\" itemscope itemtype=\"http:\/\/schema.org\/BreadcrumbList\"><li itemprop=\"itemListElement\" itemscope itemtype=\"http:\/\/schema.org\/ListItem\"><a itemprop=\"item\" href=\"https:\/\/iniciativas-innovadoras.es\/fr\/\"><span itemprop=\"name\">Accueil<\/span><\/a><meta itemprop=\"position\" content=\"1\"><\/li><\/ol>\n<\/div><\/div>\n<\/div>\n<\/div>\n<\/div>\n\n<div class=\"et_pb_section_1 et_pb_section et_section_regular et_flex_section\">\n<div class=\"et_pb_row_1 et_pb_row et_flex_row et_animated\">\n<div class=\"et_pb_column_2 et_pb_column et-last-child et_flex_column et_pb_css_mix_blend_mode_passthrough et_flex_column_24_24 et_flex_column_24_24_tablet et_flex_column_24_24_phone et_flex_column_24_24_widescreen et_flex_column_24_24_ultraWide\">\n<div class=\"et_pb_text_2 et_pb_text et_pb_bg_layout_light et_pb_module et_flex_module\"><div class=\"et_pb_text_inner\"><p>Nous offrons un service de conseil complet, en agissant en tant que promoteur de projets d'innovation d'int\u00e9r\u00eat strat\u00e9gique et \u00e0 fort potentiel de valeur pour nos clients.<\/p>\n<\/div><\/div>\n<\/div>\n<\/div>\n<\/div>\n\n<div class=\"et_pb_section_2 et_pb_section et_section_regular et_flex_section\"><\/div>\n\n<div class=\"et_pb_section_3 et_pb_section et_section_regular et_flex_section\">\n<div class=\"et_pb_row_2 et_pb_row et_flex_row et_animated\">\n<div class=\"et_pb_column_3 et_pb_column et_flex_column et_pb_css_mix_blend_mode_passthrough et_flex_column_24_24 et_flex_column_24_24_tablet et_flex_column_24_24_phone et_flex_column_24_24_widescreen et_flex_column_24_24_ultraWide\">\n<div class=\"et_pb_text_3 et_pb_text et_pb_bg_layout_light et_pb_module et_flex_module\"><div class=\"et_pb_text_inner\"><h2>Projets Europ\u00e9ens<\/h2>\n<\/div><\/div>\n\n<div class=\"et_pb_text_4 et_pb_text et_pb_bg_layout_light et_pb_module et_flex_module\"><div class=\"et_pb_text_inner\"><p>Nous mettons \u00e0 votre disposition notre exp\u00e9rience pour acc\u00e9der aux programmes financ\u00e9s par l'Union europ\u00e9enne. Nous concevons et pr\u00e9sentons des propositions retenues, nous collaborons \u00e0 la bonne gestion et coordination des projets, et nous facilitons la communication et la diffusion de leurs activit\u00e9s et r\u00e9sultats.<\/p>\n<\/div><\/div>\n\n<div class=\"et_pb_module et_pb_button_module_wrapper et_pb_button_0_wrapper\"><a class=\"et_pb_button_0 et_pb_button et_pb_bg_layout_light et_pb_module et_flex_module\" href=\"https:\/\/iniciativas-innovadoras.es\/fr\/services\/projets-europeens\/\">En savoir plus<\/a><\/div>\n<\/div>\n\n<div class=\"et_pb_column_4 et_pb_column et_flex_column et_pb_css_mix_blend_mode_passthrough et_flex_column_24_24 et_flex_column_24_24_tablet et_flex_column_24_24_phone et_flex_column_24_24_widescreen et_flex_column_24_24_ultraWide\">\n<div class=\"et_pb_text_5 et_pb_text et_pb_bg_layout_light et_pb_module et_flex_module\"><div class=\"et_pb_text_inner\"><h2>Financement de l\u2019innovation des entreprises<\/h2>\n<\/div><\/div>\n\n<div class=\"et_pb_text_6 et_pb_text et_pb_bg_layout_light et_pb_module et_flex_module\"><div class=\"et_pb_text_inner\"><p>Nous g\u00e9rons l'obtention d\u2019aides publiques et de financements pour vos projets de R&amp;D, d'investissement ou d'am\u00e9lioration de la comp\u00e9titivit\u00e9.<\/p>\n<\/div><\/div>\n\n<div class=\"et_pb_module et_pb_button_module_wrapper et_pb_button_1_wrapper\"><a class=\"et_pb_button_1 et_pb_button et_pb_bg_layout_light et_pb_module et_flex_module\" href=\"https:\/\/iniciativas-innovadoras.es\/fr\/services\/financement-de-linnovation-des-entreprises\/\">En savoir plus<\/a><\/div>\n<\/div>\n\n<div class=\"et_pb_column_5 et_pb_column et-last-child et_flex_column et_pb_css_mix_blend_mode_passthrough et_flex_column_24_24 et_flex_column_24_24_tablet et_flex_column_24_24_phone et_flex_column_24_24_widescreen et_flex_column_24_24_ultraWide\">\n<div class=\"et_pb_text_7 et_pb_text et_pb_bg_layout_light et_pb_module et_flex_module\"><div class=\"et_pb_text_inner\"><h2>Conseil strat\u00e9gique<\/h2>\n<\/div><\/div>\n\n<div class=\"et_pb_text_8 et_pb_text et_pb_bg_layout_light et_pb_module et_flex_module\"><div class=\"et_pb_text_inner\"><p>Nous aidons votre entreprise, organisation ou entit\u00e9 publique \u00e0 relever ses d\u00e9fis, en r\u00e9alisant des \u00e9tudes et des diagnostics, et en \u00e9laborant des strat\u00e9gies, des plans et des programmes.<\/p>\n<\/div><\/div>\n\n<div class=\"et_pb_module et_pb_button_module_wrapper et_pb_button_2_wrapper\"><a class=\"et_pb_button_2 et_pb_button et_pb_bg_layout_light et_pb_module et_flex_module\" href=\"https:\/\/iniciativas-innovadoras.es\/fr\/services\/conseil-strategique\/\">En savoir plus<\/a><\/div>\n<\/div>\n<\/div>\n<\/div>","protected":false},"excerpt":{"rendered":"","protected":false},"author":1,"featured_media":0,"parent":0,"menu_order":0,"comment_status":"closed","ping_status":"closed","template":"page-imagen.php","meta":{"_acf_changed":false,"inline_featured_image":false,"footnotes":""},"class_list":["post-1675","page","type-page","status-publish","hentry"],"acf":[],"yoast_head":"<!-- This site is optimized with the Yoast SEO plugin v27.4 - https:\/\/yoast.com\/product\/yoast-seo-wordpress\/ -->\n<title>Nos services - Iniciativas Innovadoras<\/title>\n<meta name=\"robots\" content=\"index, follow, max-snippet:-1, max-image-preview:large, max-video-preview:-1\" \/>\n<link rel=\"canonical\" href=\"https:\/\/iniciativas-innovadoras.es\/fr\/services\/\" \/>\n<meta property=\"og:locale\" content=\"fr_FR\" \/>\n<meta property=\"og:type\" content=\"article\" \/>\n<meta property=\"og:title\" content=\"Nos services - Iniciativas Innovadoras\" \/>\n<meta property=\"og:url\" content=\"https:\/\/iniciativas-innovadoras.es\/fr\/services\/\" \/>\n<meta property=\"og:site_name\" content=\"Iniciativas Innovadoras\" \/>\n<meta property=\"article:modified_time\" content=\"2025-09-18T16:01:15+00:00\" \/>\n<meta property=\"og:image\" content=\"https:\/\/iniciativas-innovadoras.es\/wp-content\/uploads\/2025\/10\/frontend.jpg\" \/>\n\t<meta property=\"og:image:width\" content=\"1200\" \/>\n\t<meta property=\"og:image:height\" content=\"675\" \/>\n\t<meta property=\"og:image:type\" content=\"image\/jpeg\" \/>\n<meta name=\"twitter:card\" content=\"summary_large_image\" \/>\n<meta name=\"twitter:site\" content=\"@iniciativas_in\" \/>\n<script type=\"application\/ld+json\" class=\"yoast-schema-graph\">{\"@context\":\"https:\\\/\\\/schema.org\",\"@graph\":[{\"@type\":\"WebPage\",\"@id\":\"https:\\\/\\\/iniciativas-innovadoras.es\\\/fr\\\/services\\\/\",\"url\":\"https:\\\/\\\/iniciativas-innovadoras.es\\\/fr\\\/services\\\/\",\"name\":\"Nos services - Iniciativas Innovadoras\",\"isPartOf\":{\"@id\":\"https:\\\/\\\/iniciativas-innovadoras.es\\\/fr\\\/#website\"},\"datePublished\":\"2025-09-03T16:14:20+00:00\",\"dateModified\":\"2025-09-18T16:01:15+00:00\",\"breadcrumb\":{\"@id\":\"https:\\\/\\\/iniciativas-innovadoras.es\\\/fr\\\/services\\\/#breadcrumb\"},\"inLanguage\":\"fr-FR\",\"potentialAction\":[{\"@type\":\"ReadAction\",\"target\":[\"https:\\\/\\\/iniciativas-innovadoras.es\\\/fr\\\/services\\\/\"]}]},{\"@type\":\"BreadcrumbList\",\"@id\":\"https:\\\/\\\/iniciativas-innovadoras.es\\\/fr\\\/services\\\/#breadcrumb\",\"itemListElement\":[{\"@type\":\"ListItem\",\"position\":1,\"name\":\"Portada\",\"item\":\"https:\\\/\\\/iniciativas-innovadoras.es\\\/fr\\\/\"},{\"@type\":\"ListItem\",\"position\":2,\"name\":\"Nos services\"}]},{\"@type\":\"WebSite\",\"@id\":\"https:\\\/\\\/iniciativas-innovadoras.es\\\/fr\\\/#website\",\"url\":\"https:\\\/\\\/iniciativas-innovadoras.es\\\/fr\\\/\",\"name\":\"Iniciativas Innovadoras\",\"description\":\"Transformamos ideas en proyectos\",\"publisher\":{\"@id\":\"https:\\\/\\\/iniciativas-innovadoras.es\\\/fr\\\/#organization\"},\"potentialAction\":[{\"@type\":\"SearchAction\",\"target\":{\"@type\":\"EntryPoint\",\"urlTemplate\":\"https:\\\/\\\/iniciativas-innovadoras.es\\\/fr\\\/?s={search_term_string}\"},\"query-input\":{\"@type\":\"PropertyValueSpecification\",\"valueRequired\":true,\"valueName\":\"search_term_string\"}}],\"inLanguage\":\"fr-FR\"},{\"@type\":\"Organization\",\"@id\":\"https:\\\/\\\/iniciativas-innovadoras.es\\\/fr\\\/#organization\",\"name\":\"Iniciativas Innovadoras\",\"url\":\"https:\\\/\\\/iniciativas-innovadoras.es\\\/fr\\\/\",\"logo\":{\"@type\":\"ImageObject\",\"inLanguage\":\"fr-FR\",\"@id\":\"https:\\\/\\\/iniciativas-innovadoras.es\\\/fr\\\/#\\\/schema\\\/logo\\\/image\\\/\",\"url\":\"https:\\\/\\\/iniciativas-innovadoras.es\\\/wp-content\\\/uploads\\\/2025\\\/10\\\/iniciativas-innovadoras-logo-vertical.png\",\"contentUrl\":\"https:\\\/\\\/iniciativas-innovadoras.es\\\/wp-content\\\/uploads\\\/2025\\\/10\\\/iniciativas-innovadoras-logo-vertical.png\",\"width\":696,\"height\":696,\"caption\":\"Iniciativas Innovadoras\"},\"image\":{\"@id\":\"https:\\\/\\\/iniciativas-innovadoras.es\\\/fr\\\/#\\\/schema\\\/logo\\\/image\\\/\"},\"sameAs\":[\"https:\\\/\\\/x.com\\\/iniciativas_in\",\"https:\\\/\\\/www.linkedin.com\\\/company\\\/iniciativasinnovadoras\\\/\"]}]}<\/script>\n<!-- \/ Yoast SEO plugin. -->","yoast_head_json":{"title":"Nos services - Iniciativas Innovadoras","robots":{"index":"index","follow":"follow","max-snippet":"max-snippet:-1","max-image-preview":"max-image-preview:large","max-video-preview":"max-video-preview:-1"},"canonical":"https:\/\/iniciativas-innovadoras.es\/fr\/services\/","og_locale":"fr_FR","og_type":"article","og_title":"Nos services - Iniciativas Innovadoras","og_url":"https:\/\/iniciativas-innovadoras.es\/fr\/services\/","og_site_name":"Iniciativas Innovadoras","article_modified_time":"2025-09-18T16:01:15+00:00","og_image":[{"width":1200,"height":675,"url":"https:\/\/iniciativas-innovadoras.es\/wp-content\/uploads\/2025\/10\/frontend.jpg","type":"image\/jpeg"}],"twitter_card":"summary_large_image","twitter_site":"@iniciativas_in","schema":{"@context":"https:\/\/schema.org","@graph":[{"@type":"WebPage","@id":"https:\/\/iniciativas-innovadoras.es\/fr\/services\/","url":"https:\/\/iniciativas-innovadoras.es\/fr\/services\/","name":"Nos services - Iniciativas Innovadoras","isPartOf":{"@id":"https:\/\/iniciativas-innovadoras.es\/fr\/#website"},"datePublished":"2025-09-03T16:14:20+00:00","dateModified":"2025-09-18T16:01:15+00:00","breadcrumb":{"@id":"https:\/\/iniciativas-innovadoras.es\/fr\/services\/#breadcrumb"},"inLanguage":"fr-FR","potentialAction":[{"@type":"ReadAction","target":["https:\/\/iniciativas-innovadoras.es\/fr\/services\/"]}]},{"@type":"BreadcrumbList","@id":"https:\/\/iniciativas-innovadoras.es\/fr\/services\/#breadcrumb","itemListElement":[{"@type":"ListItem","position":1,"name":"Portada","item":"https:\/\/iniciativas-innovadoras.es\/fr\/"},{"@type":"ListItem","position":2,"name":"Nos services"}]},{"@type":"WebSite","@id":"https:\/\/iniciativas-innovadoras.es\/fr\/#website","url":"https:\/\/iniciativas-innovadoras.es\/fr\/","name":"Iniciativas Innovadoras","description":"Transformamos ideas en proyectos","publisher":{"@id":"https:\/\/iniciativas-innovadoras.es\/fr\/#organization"},"potentialAction":[{"@type":"SearchAction","target":{"@type":"EntryPoint","urlTemplate":"https:\/\/iniciativas-innovadoras.es\/fr\/?s={search_term_string}"},"query-input":{"@type":"PropertyValueSpecification","valueRequired":true,"valueName":"search_term_string"}}],"inLanguage":"fr-FR"},{"@type":"Organization","@id":"https:\/\/iniciativas-innovadoras.es\/fr\/#organization","name":"Iniciativas Innovadoras","url":"https:\/\/iniciativas-innovadoras.es\/fr\/","logo":{"@type":"ImageObject","inLanguage":"fr-FR","@id":"https:\/\/iniciativas-innovadoras.es\/fr\/#\/schema\/logo\/image\/","url":"https:\/\/iniciativas-innovadoras.es\/wp-content\/uploads\/2025\/10\/iniciativas-innovadoras-logo-vertical.png","contentUrl":"https:\/\/iniciativas-innovadoras.es\/wp-content\/uploads\/2025\/10\/iniciativas-innovadoras-logo-vertical.png","width":696,"height":696,"caption":"Iniciativas Innovadoras"},"image":{"@id":"https:\/\/iniciativas-innovadoras.es\/fr\/#\/schema\/logo\/image\/"},"sameAs":["https:\/\/x.com\/iniciativas_in","https:\/\/www.linkedin.com\/company\/iniciativasinnovadoras\/"]}]}},"_links":{"self":[{"href":"https:\/\/iniciativas-innovadoras.es\/fr\/wp-json\/wp\/v2\/pages\/1675","targetHints":{"allow":["GET"]}}],"collection":[{"href":"https:\/\/iniciativas-innovadoras.es\/fr\/wp-json\/wp\/v2\/pages"}],"about":[{"href":"https:\/\/iniciativas-innovadoras.es\/fr\/wp-json\/wp\/v2\/types\/page"}],"author":[{"embeddable":true,"href":"https:\/\/iniciativas-innovadoras.es\/fr\/wp-json\/wp\/v2\/users\/1"}],"replies":[{"embeddable":true,"href":"https:\/\/iniciativas-innovadoras.es\/fr\/wp-json\/wp\/v2\/comments?post=1675"}],"version-history":[{"count":3,"href":"https:\/\/iniciativas-innovadoras.es\/fr\/wp-json\/wp\/v2\/pages\/1675\/revisions"}],"predecessor-version":[{"id":2294,"href":"https:\/\/iniciativas-innovadoras.es\/fr\/wp-json\/wp\/v2\/pages\/1675\/revisions\/2294"}],"wp:attachment":[{"href":"https:\/\/iniciativas-innovadoras.es\/fr\/wp-json\/wp\/v2\/media?parent=1675"}],"curies":[{"name":"wp","href":"https:\/\/api.w.org\/{rel}","templated":true}]}}