{"id":2254,"date":"2025-09-07T12:58:25","date_gmt":"2025-09-07T10:58:25","guid":{"rendered":"https:\/\/iniciativas-innovadoras.es\/aviso-legal\/"},"modified":"2025-09-18T21:01:26","modified_gmt":"2025-09-18T19:01:26","slug":"abisu-legala","status":"publish","type":"page","link":"https:\/\/iniciativas-innovadoras.es\/eu\/abisu-legala\/","title":{"rendered":"Abisu Legala"},"content":{"rendered":"\r\n\r\n<div class=\"et_pb_section_0 et_pb_section et_section_regular et_flex_section\">\r\n\r\n<div class=\"et_pb_row_0 et_pb_row et_flex_row et_animated\">\r\n\r\n<div class=\"et_pb_column_0 et_pb_column et-last-child et_flex_column et_pb_css_mix_blend_mode_passthrough et_flex_column_24_24 et_flex_column_24_24_tablet et_flex_column_24_24_phone et_flex_column_24_24_widescreen et_flex_column_24_24_ultraWide\">\r\n\r\n<div class=\"et_pb_text_0 et_pb_text et_pb_bg_layout_light et_pb_module et_flex_module preset--module--divi-text--xehwm5m9c2\"><div class=\"et_pb_text_inner\"><h1>Abisu Legala<\/h1>\n<\/div><\/div>\r\n\r\n<div class=\"et_pb_text_1 et_pb_text et_pb_bg_layout_light et_pb_module et_flex_module\"><div class=\"et_pb_text_inner\"><ol class=\"breadcrumbs\" itemscope itemtype=\"http:\/\/schema.org\/BreadcrumbList\"><li itemprop=\"itemListElement\" itemscope itemtype=\"http:\/\/schema.org\/ListItem\"><a itemprop=\"item\" href=\"https:\/\/iniciativas-innovadoras.es\/eu\/\"><span itemprop=\"name\">Hasiera<\/span><\/a><meta itemprop=\"position\" content=\"1\"><\/li><\/ol>\n<\/div><\/div>\r\n\r\n<div class=\"et_pb_text_2 et_pb_text et_pb_bg_layout_light et_pb_module et_flex_module\"><div class=\"et_pb_text_inner\"><p>Te damos la bienvenida a nuestra web y te agradecemos tu inter\u00e9s por leer las condiciones legales de la misma. Somos conscientes de que este tema puede no ser tu preferido, pero es importante que conozcas toda la informaci\u00f3n relativa a los t\u00e9rminos y condiciones legales que definen las relaciones entre las personas usuarias de nuestra web y nuestra organizaci\u00f3n, como responsable de este sitio web.<\/p>\n<p>Como persona usuaria es importante que conozcas estos t\u00e9rminos antes de continuar tu navegaci\u00f3n. Somos <strong>INICIATIVAS INNOVADORAS, S.A.L.<\/strong>, como responsable de esta web, nos comprometemos a procesar la informaci\u00f3n de nuestros usuarias y usuarios con plenas garant\u00edas y cumplir con los requisitos estatales y europeos que regulan la recopilaci\u00f3n y uso de los datos personales. El acceso a la p\u00e1gina web es gratuito salvo en lo relativo al coste de la conexi\u00f3n a trav\u00e9s de la red de telecomunicaciones suministrada por el proveedor de acceso contratado por las personas usuarias.<\/p>\n<p>La utilizaci\u00f3n de nuestra web atribuye la condici\u00f3n de persona usuaria (en adelante, 'Usuaria' o \u2018Persona Usuaria\u2019) e implica la aceptaci\u00f3n de todas las condiciones incluidas en este Aviso Legal. La prestaci\u00f3n del servicio a trav\u00e9s de nuestra web tiene una duraci\u00f3n limitada al momento en el que la persona usuaria se encuentre conectada. Por tanto, la persona usuaria debe leer atentamente el presente Aviso Legal en cada una de las ocasiones en que se proponga utilizar el Portal, ya que \u00e9ste y sus condiciones de uso recogidas en el presente Aviso Legal pueden sufrir modificaciones. Esta web cumple rigurosamente con el Reglamento (UE) 2016\/679 del Parlamento Europeo y del Consejo de 27 de abril de 2016 relativo a la protecci\u00f3n de las personas f\u00edsicas (RGPD), la Ley Org\u00e1nica 3\/2018, de 5 de diciembre de Protecci\u00f3n de Datos y Garant\u00eda de Derechos Digitales (LOPDGDD), as\u00ed como con la Ley 34\/2002, de 11 de julio, de Servicios de la Sociedad de la Informaci\u00f3n y Comercio Electr\u00f3nico (LSSICE o LSSI). En cumplimiento del art\u00edculo 10 de la Ley 34\/2002, de 11 de julio, de Servicios de la Sociedad de la Informaci\u00f3n y Comercio Electr\u00f3nico, a continuaci\u00f3n, se exponen los datos identificativos de INICIATIVAS INNOVADORAS, S.A.L.<\/p>\n<p><strong>Titular:<\/strong> INICIATIVAS INNOVADORAS, S.A.L.<\/p>\n<p><strong>NIF:<\/strong> A-31679806<\/p>\n<p><strong>Direcci\u00f3n:<\/strong> C\/Zabalgaina n\u00ba 3 \u2013 1\u00ba Oficinas 4\/5, 31.180, Zizur Mayor (Espa\u00f1a)<\/p>\n<p><strong>Tel\u00e9fono:<\/strong> +34 948 281 270<\/p>\n<p><strong>Direcci\u00f3n de correo electr\u00f3nico:<\/strong> info@iniciativas-innovadoras.es<\/p>\n<p><strong>Inscripci\u00f3n Registral:<\/strong> Inscrita en el Registro Mercantil de Navarra, al Tomo 728, Folio 60, Hoja NA15018.<\/p>\n<p>\u00a0<\/p>\n<p>1\u00ba) INFORMACI\u00d3N SOBRE PROPIEDAD INTELECTUAL E INDUSTRIAL.<\/p>\n<p>INICIATIVAS INNOVADORAS, S.A.L. es el titular en exclusiva de los Derechos de Explotaci\u00f3n del presente sitio web. INICIATIVAS INNOVADORAS, S.A.L. se reserva todos los derechos de propiedad intelectual e industrial derivados del presente sitio web, siendo necesaria la autorizaci\u00f3n expresa y por escrito por parte de INICIATIVAS INNOVADORAS, S.A.L. para cualquier ejercicio y uso de los mismos. La presente reserva de derechos alcanza tanto a la apariencia externa (\u201clook and feel\u201d) como a los contenidos que bajo cualquier formato puedan incluirse y distribuirse a trav\u00e9s de esta web, al propio c\u00f3digo, dise\u00f1o y estructura de navegaci\u00f3n del sitio web.<\/p>\n<p>INICIATIVAS INNOVADORAS, S.A.L. podr\u00e1 realizar, en cualquier momento y sin necesidad de previo aviso, modificaciones y actualizaciones sobre la informaci\u00f3n contenida en su sitio web, o en su configuraci\u00f3n o presentaci\u00f3n. INICIATIVAS INNOVADORAS, S.A.L. realiza todos los esfuerzos posibles para que la informaci\u00f3n suministrada a trav\u00e9s de esta web sea clara, comprensible y adecuada, as\u00ed como para evitar errores en la medida de lo posible y, en su caso, repararlos o actualizarlos. Sin embargo, INICIATIVAS INNOVADORAS, S.A.L. no puede garantizar la inexistencia de errores ni que el contenido de la informaci\u00f3n se encuentre permanentemente actualizado.<\/p>\n<p>INICIATIVAS INNOVADORAS, S.A.L. en ning\u00fan caso ser\u00e1 responsable del incumplimiento por parte de las entidades proveedoras o personas colaboradoras de los derechos de propiedad intelectual sobre la autor\u00eda de las im\u00e1genes y fotograf\u00edas suministradas por aquellas, presuponi\u00e9ndose que los derechos de explotaci\u00f3n sobre las mismas han sido debidamente cedidos por sus titulares a las citadas proveedoras.<\/p>\n<p>2\u00ba) CONDICIONES Y T\u00c9RMINOS DE REGISTRO Y ACCESO AL SITIO WEB.<\/p>\n<p>La persona usuaria, por el mero hecho de acceder al presente sitio, cualesquiera que sea la forma de dicho acceso, consiente y accede a las presentes condiciones, las cuales marcar\u00e1n el r\u00e9gimen de utilizaci\u00f3n del presente sitio web. La persona titular se reserva el derecho a alterarlas y modificarlas en cualquier momento, siendo las publicadas en la \u00faltima actualizaci\u00f3n las que rigen y son de aplicaci\u00f3n en cada visita. Si la persona usuaria no acepta la totalidad de las presentes condiciones, no est\u00e1 autorizada a acceder al presente sitio web y a los contenidos y servicios en \u00e9l alojados, debiendo proceder a abandonar el sitio de forma inmediata. Las presentes condiciones son as\u00ed mismo extensibles y aplicables a las comunicaciones y boletines que en su caso puedan remitirse por la titular del sitio web, debiendo por tanto la persona usuaria aceptar las presentes condiciones para su acceso y\/o uso.<\/p>\n<p>INICIATIVAS INNOVADORAS, S.A.L. se reserva el derecho de excluir, temporal o definitivamente, a las personas usuarias en cualquiera de los siguientes supuestos:<\/p>\n<p>Por incumplimiento de cualquiera de las presentes condiciones generales de uso.<\/p>\n<p>Por incumplimiento de las leyes, la moral, y el Orden P\u00fablico.<\/p>\n<p>\u00a0<\/p>\n<p>3\u00ba) OBJETO.<\/p>\n<p>www.iniciativas-innovadoras.es es la web oficial de nuestra organizaci\u00f3n que tiene como objetivo colaborar con la inclusi\u00f3n en nuestra sociedad de personas con alg\u00fan tipo de diversidad funcional.<\/p>\n<p>En nuestra web podr\u00e1s encontrar informaci\u00f3n sobre nosotros, los servicios que prestamos, noticias relacionadas con nuestra actividad, pudiendo contactar con nosotros por los cauces indicados en los formularios de contacto de la web o mediante correo electr\u00f3nico en la direcci\u00f3n info@iniciativas-innovadoras.es, reserv\u00e1ndonos el derecho de poder ofrecer otros contenidos y enlaces relacionados o no con lo anterior.<\/p>\n<p>\u00a0<\/p>\n<p>4\u00ba) POL\u00cdTICA DE PROTECCI\u00d3N DE DATOS PERSONALES.<\/p>\n<p>Puedes leer qu\u00e9 datos recopilamos y c\u00f3mo tratamos los mismos en nuestra pol\u00edtica de protecci\u00f3n de datos.<\/p>\n<p>\u00a0<\/p>\n<p>5\u00ba) VINCULACI\u00d3N A OTROS SITIOS WEB.<\/p>\n<p>Se proh\u00edbe la presentaci\u00f3n de una p\u00e1gina del sitio web en una ventana de un sitio web que no pertenezca al titular de la web www.iniciativas-innovadoras.es, mediante la t\u00e9cnica denominada \"framing\", a no ser que cuente con el expreso consentimiento de INICIATIVAS INNOVADORAS, S.A.L.<\/p>\n<p>Se proh\u00edbe la inserci\u00f3n de cualquier tipo de contenido difundido a trav\u00e9s de web www.iniciativas-innovadoras.es, en otro sitio web distinto a aquel mediante la t\u00e9cnica denominada \"in line linking\", si ello, no cuenta con el expreso consentimiento de INICIATIVAS INNOVADORAS, S.A.L.<\/p>\n<p>Se autoriza el establecimiento de links de hipertexto (hiperv\u00ednculos) en otros sitios web, los cuales est\u00e9n dirigidos a la home page web www.iniciativas-innovadoras.es, o en su caso, a cualquier otra p\u00e1gina interna (\u201cdeep link\u201d) del sitio web, siempre que las correspondientes p\u00e1ginas aparezcan en una ventana completa y bajo sus respectivas direcciones web, asumiendo su total responsabilidad y riesgo aquel que proceda al establecer el hiperv\u00ednculo al web sitio web.<\/p>\n<p>\u00a0<\/p>\n<p>6\u00ba) RESPONSABILIDADES.<\/p>\n<p>Las personas se comprometen a hacer un uso adecuado de los contenidos y servicios que INICIATIVAS INNOVADORAS, S.A.L. ofrece a trav\u00e9s de su sitio web y a no emplearlos para (I) incurrir en actividades il\u00edcitas, ilegales o contrarias a la buena fe y al orden p\u00fablico; (II) difundir contenidos o propaganda de car\u00e1cter machista, racista, xen\u00f3fobo, pornogr\u00e1fico-ilegal, de apolog\u00eda del terrorismo o atentatorio contra los derechos humanos; (III) provocar da\u00f1os en los sistemas inform\u00e1ticos de INICIATIVAS INNOVADORAS, S.A.L. o de sus entidades proveedoras; (IV) introducir o difundir en la red de INICIATIVAS INNOVADORAS, S.A.L. virus inform\u00e1ticos o cualesquiera otros sistemas que sean susceptibles de provocar los da\u00f1os, (V) desarrollar actividades que tengan que ver con t\u00e9cnicas de des compilaci\u00f3n o descodificaci\u00f3n de contenido, no autorizadas.<\/p>\n<p>En el caso de que la persona usuaria o cualquier otra persona que use Internet tuviera conocimiento de que en el sitio web exhibe contenidos o servicios il\u00edcitos, nocivos, denigrantes, violentos o contrarios a la moral o de que los sitios enlazados remiten a p\u00e1ginas con dicho contenido, deber\u00e1 ponerse en contacto con INICIATIVAS INNOVADORAS, S.A.L. en la direcci\u00f3n de correo electr\u00f3nico indicada en este aviso legal, identific\u00e1ndose de forma suficiente si fuese preciso y describiendo los hechos que considera il\u00edcitos o inadecuados. En el supuesto de violaci\u00f3n de derechos tales como los de propiedad intelectual e industrial, deber\u00e1 aportar tambi\u00e9n los datos personales de la titular del derecho infringido, cuando sea persona distinta de quien comunica el hecho. Asimismo, deber\u00e1 aportar el t\u00edtulo que acredite la legitimaci\u00f3n de la titularidad de los derechos y, en su caso, el de representaci\u00f3n para actuar por cuenta de la titular cuando sea persona distinta de quien comunica, y declaraci\u00f3n expresa de que la informaci\u00f3n contenida en la reclamaci\u00f3n es exacta.<\/p>\n<p>La recepci\u00f3n por parte de INICIATIVAS INNOVADORAS, S.A.L. de la comunicaci\u00f3n prevista en esta cl\u00e1usula no supondr\u00e1, seg\u00fan lo dispuesto en la LSSI, el conocimiento efectivo de las actividades y\/o contenidos indicados por la persona comunicante.<\/p>\n<p>INICIATIVAS INNOVADORAS, S.A.L. no garantiza de ninguna forma la precisi\u00f3n, contenido, integridad, legalidad, fiabilidad, actualidad, veracidad, exactitud, funcionamiento o disponibilidad de los contenidos y servicios que ofrece, declinando cualquier responsabilidad sobre los mismos, as\u00ed como los perjuicios que en su caso puedan contemplar. La informaci\u00f3n que se ofrece tiene un car\u00e1cter meramente informativo y no es representativa de nada. Lo dicho anteriormente es extensible a los enlaces, contenidos y opiniones no pertenecientes a la persona titular u no alojados en el presente sitio web, correspondiendo la responsabilidad en todo caso a las titulares de los contenidos y de los sitios en cuesti\u00f3n. As\u00ed mismo, INICIATIVAS INNOVADORAS, S.A.L. no se hace responsable del uso incorrecto que en su caso pudiera efectuarse de los contenidos ofrecidos, declinando toda responsabilidad al respecto.<\/p>\n<p>INICIATIVAS INNOVADORAS, S.A.L. no se hace responsable directa o subsidiariamente de cuantas reclamaciones puedan derivarse de la calidad, fiabilidad, exactitud o correcci\u00f3n de los contenidos.<\/p>\n<p>\u00a0<\/p>\n<p>7\u00ba) PRESTACI\u00d3N DEL SERVICIO.<\/p>\n<p>INICIATIVAS INNOVADORAS, S.A.L. se reserva el derecho a modificar sus programas, as\u00ed como la sistematizaci\u00f3n de los datos suministrados y las caracter\u00edsticas t\u00e9cnicas de acceso y transmisi\u00f3n. Cuando dichos cambios no permitan un uso compatible con las versiones anteriores instaladas, INICIATIVAS INNOVADORAS, S.A.L., lo comunicar\u00e1 a trav\u00e9s de su sitio web. Igualmente se reserva el derecho de interrumpir parcial o totalmente el servicio por cambios t\u00e9cnicos o aver\u00edas, comunic\u00e1ndolo previamente a trav\u00e9s de su sitio web si es posible o a trav\u00e9s de cualquier otro sitio habilitado al efecto.<\/p>\n<p>INICIATIVAS INNOVADORAS, S.A.L. velar\u00e1, en la medida de lo posible, por la seguridad inform\u00e1tica de los soportes t\u00e9cnicos usados por la persona usuaria en su navegaci\u00f3n por las p\u00e1ginas del sitio web. Sin embargo, debido a que Internet no puede ser considerado un medio seguro, INICIATIVAS INNOVADORAS, S.A.L. no puede garantizar la ausencia de virus u otros elementos lesivos, introducidos por terceros, que pudieran causar da\u00f1os o alteraciones en el sistema inform\u00e1tico, en los documentos electr\u00f3nicos o en los ficheros de la persona usuaria que visite este sitio web. En consecuencia, INICIATIVAS INNOVADORAS, S.A.L. no responder\u00e1 por los da\u00f1os y perjuicios que tales elementos pudieran ocasionar a las usuarias y terceras personas.<\/p>\n<p>No es responsabilidad de INICIATIVAS INNOVADORAS, S.A.L. el sistema operativo que en este momento est\u00e9 implantado, ni las consecuencias que de un mal funcionamiento del mismo pudieran derivarse.<\/p>\n<p>INICIATIVAS INNOVADORAS, S.A.L. se reserva el derecho de efectuar sin previo aviso las modificaciones que considere oportunas en su sitio web, pudiendo cambiar, suprimir o a\u00f1adir tanto los contenidos y servicios que se presten a trav\u00e9s de la misma como la forma en la que \u00e9stos aparezcan presentados o localizados en su sitio web.<\/p>\n<p>\u00a0<\/p>\n<p>8\u00ba) DERECHOS DE IMAGEN y DISCLAIMER.<\/p>\n<p>INICIATIVAS INNOVADORAS, S.A.L. no se hace responsable de los contenidos, informaciones e im\u00e1genes que no dependan del sitio web, ni sean gestionados por INICIATIVAS INNOVADORAS, S.A.L., aunque aparezcan en el sitio web en virtud de cualquier convenio firmado por INICIATIVAS INNOVADORAS, S.A.L.<\/p>\n<p>\u00a0<\/p>\n<p>9\u00ba) INFRACCIONES.<\/p>\n<p>INICIATIVAS INNOVADORAS, S.A.L. perseguir\u00e1 el incumplimiento de las anteriores condiciones, as\u00ed como cualquier utilizaci\u00f3n prohibida e indebida de su sitio web ejerciendo todas las acciones civiles y penales que le puedan corresponder en derecho.<\/p>\n<p>\u00a0<\/p>\n<p>10\u00ba) VALIDEZ.<\/p>\n<p>En el caso de que alguna cl\u00e1usula o parte de la misma del presente aviso fuera declarada nula, dicha circunstancia no afectar\u00e1 a la validez del resto.<\/p>\n<p>\u00a0<\/p>\n<p>11\u00ba) JURISDICCI\u00d3N Y FUERO APLICABLE.<\/p>\n<p>Sabemos que nos llevaremos bien, pero para concretar todas las posibles situaciones que se puedan dar, queremos informarte que la ley aplicable a cualquier controversia que se suscite con relaci\u00f3n al presente sitio web y a los contenidos en \u00e9l ofrecidos, ser\u00e1 la ley espa\u00f1ola. Las partes acuerdan someterse a los Juzgados y Tribunales de Pamplona, con renuncia expresa a cualquier otro fuero que pudiera corresponderles, salvo que conforme a tu ley nacional existiera una regulaci\u00f3n del fuero legal que excluya la posibilidad de sometimiento expreso, en cuyo caso se atender\u00e1 a la disposici\u00f3n legal.<\/p>\n<\/div><\/div><\/div><\/div><\/div>","protected":false},"excerpt":{"rendered":"","protected":false},"author":1,"featured_media":0,"parent":0,"menu_order":0,"comment_status":"closed","ping_status":"closed","template":"","meta":{"_acf_changed":false,"inline_featured_image":false,"footnotes":""},"class_list":["post-2254","page","type-page","status-publish","hentry"],"acf":[],"yoast_head":"<!-- This site is optimized with the Yoast SEO plugin v27.4 - https:\/\/yoast.com\/product\/yoast-seo-wordpress\/ -->\n<title>Abisu Legala - Iniciativas Innovadoras<\/title>\n<meta name=\"robots\" content=\"index, follow, max-snippet:-1, max-image-preview:large, max-video-preview:-1\" \/>\n<link rel=\"canonical\" href=\"https:\/\/iniciativas-innovadoras.es\/eu\/abisu-legala\/\" \/>\n<meta property=\"og:locale\" content=\"eu_ES\" \/>\n<meta property=\"og:type\" content=\"article\" \/>\n<meta property=\"og:title\" content=\"Abisu Legala - Iniciativas Innovadoras\" \/>\n<meta property=\"og:url\" content=\"https:\/\/iniciativas-innovadoras.es\/eu\/abisu-legala\/\" \/>\n<meta property=\"og:site_name\" content=\"Iniciativas Innovadoras\" \/>\n<meta property=\"article:modified_time\" content=\"2025-09-18T19:01:26+00:00\" \/>\n<meta property=\"og:image\" content=\"https:\/\/iniciativas-innovadoras.es\/wp-content\/uploads\/2025\/10\/frontend.jpg\" \/>\n\t<meta property=\"og:image:width\" content=\"1200\" \/>\n\t<meta property=\"og:image:height\" content=\"675\" \/>\n\t<meta property=\"og:image:type\" content=\"image\/jpeg\" \/>\n<meta name=\"twitter:card\" content=\"summary_large_image\" \/>\n<meta name=\"twitter:site\" content=\"@iniciativas_in\" \/>\n<script type=\"application\/ld+json\" class=\"yoast-schema-graph\">{\"@context\":\"https:\\\/\\\/schema.org\",\"@graph\":[{\"@type\":\"WebPage\",\"@id\":\"https:\\\/\\\/iniciativas-innovadoras.es\\\/eu\\\/abisu-legala\\\/\",\"url\":\"https:\\\/\\\/iniciativas-innovadoras.es\\\/eu\\\/abisu-legala\\\/\",\"name\":\"Abisu Legala - Iniciativas Innovadoras\",\"isPartOf\":{\"@id\":\"https:\\\/\\\/iniciativas-innovadoras.es\\\/eu\\\/#website\"},\"datePublished\":\"2025-09-07T10:58:25+00:00\",\"dateModified\":\"2025-09-18T19:01:26+00:00\",\"breadcrumb\":{\"@id\":\"https:\\\/\\\/iniciativas-innovadoras.es\\\/eu\\\/abisu-legala\\\/#breadcrumb\"},\"inLanguage\":\"eu-ES\",\"potentialAction\":[{\"@type\":\"ReadAction\",\"target\":[\"https:\\\/\\\/iniciativas-innovadoras.es\\\/eu\\\/abisu-legala\\\/\"]}]},{\"@type\":\"BreadcrumbList\",\"@id\":\"https:\\\/\\\/iniciativas-innovadoras.es\\\/eu\\\/abisu-legala\\\/#breadcrumb\",\"itemListElement\":[{\"@type\":\"ListItem\",\"position\":1,\"name\":\"Portada\",\"item\":\"https:\\\/\\\/iniciativas-innovadoras.es\\\/eu\\\/\"},{\"@type\":\"ListItem\",\"position\":2,\"name\":\"Abisu Legala\"}]},{\"@type\":\"WebSite\",\"@id\":\"https:\\\/\\\/iniciativas-innovadoras.es\\\/eu\\\/#website\",\"url\":\"https:\\\/\\\/iniciativas-innovadoras.es\\\/eu\\\/\",\"name\":\"Iniciativas Innovadoras\",\"description\":\"Transformamos ideas en proyectos\",\"publisher\":{\"@id\":\"https:\\\/\\\/iniciativas-innovadoras.es\\\/eu\\\/#organization\"},\"potentialAction\":[{\"@type\":\"SearchAction\",\"target\":{\"@type\":\"EntryPoint\",\"urlTemplate\":\"https:\\\/\\\/iniciativas-innovadoras.es\\\/eu\\\/?s={search_term_string}\"},\"query-input\":{\"@type\":\"PropertyValueSpecification\",\"valueRequired\":true,\"valueName\":\"search_term_string\"}}],\"inLanguage\":\"eu-ES\"},{\"@type\":\"Organization\",\"@id\":\"https:\\\/\\\/iniciativas-innovadoras.es\\\/eu\\\/#organization\",\"name\":\"Iniciativas Innovadoras\",\"url\":\"https:\\\/\\\/iniciativas-innovadoras.es\\\/eu\\\/\",\"logo\":{\"@type\":\"ImageObject\",\"inLanguage\":\"eu-ES\",\"@id\":\"https:\\\/\\\/iniciativas-innovadoras.es\\\/eu\\\/#\\\/schema\\\/logo\\\/image\\\/\",\"url\":\"https:\\\/\\\/iniciativas-innovadoras.es\\\/wp-content\\\/uploads\\\/2025\\\/10\\\/iniciativas-innovadoras-logo-vertical.png\",\"contentUrl\":\"https:\\\/\\\/iniciativas-innovadoras.es\\\/wp-content\\\/uploads\\\/2025\\\/10\\\/iniciativas-innovadoras-logo-vertical.png\",\"width\":696,\"height\":696,\"caption\":\"Iniciativas Innovadoras\"},\"image\":{\"@id\":\"https:\\\/\\\/iniciativas-innovadoras.es\\\/eu\\\/#\\\/schema\\\/logo\\\/image\\\/\"},\"sameAs\":[\"https:\\\/\\\/x.com\\\/iniciativas_in\",\"https:\\\/\\\/www.linkedin.com\\\/company\\\/iniciativasinnovadoras\\\/\"]}]}<\/script>\n<!-- \/ Yoast SEO plugin. -->","yoast_head_json":{"title":"Abisu Legala - Iniciativas Innovadoras","robots":{"index":"index","follow":"follow","max-snippet":"max-snippet:-1","max-image-preview":"max-image-preview:large","max-video-preview":"max-video-preview:-1"},"canonical":"https:\/\/iniciativas-innovadoras.es\/eu\/abisu-legala\/","og_locale":"eu_ES","og_type":"article","og_title":"Abisu Legala - Iniciativas Innovadoras","og_url":"https:\/\/iniciativas-innovadoras.es\/eu\/abisu-legala\/","og_site_name":"Iniciativas Innovadoras","article_modified_time":"2025-09-18T19:01:26+00:00","og_image":[{"width":1200,"height":675,"url":"https:\/\/iniciativas-innovadoras.es\/wp-content\/uploads\/2025\/10\/frontend.jpg","type":"image\/jpeg"}],"twitter_card":"summary_large_image","twitter_site":"@iniciativas_in","schema":{"@context":"https:\/\/schema.org","@graph":[{"@type":"WebPage","@id":"https:\/\/iniciativas-innovadoras.es\/eu\/abisu-legala\/","url":"https:\/\/iniciativas-innovadoras.es\/eu\/abisu-legala\/","name":"Abisu Legala - Iniciativas Innovadoras","isPartOf":{"@id":"https:\/\/iniciativas-innovadoras.es\/eu\/#website"},"datePublished":"2025-09-07T10:58:25+00:00","dateModified":"2025-09-18T19:01:26+00:00","breadcrumb":{"@id":"https:\/\/iniciativas-innovadoras.es\/eu\/abisu-legala\/#breadcrumb"},"inLanguage":"eu-ES","potentialAction":[{"@type":"ReadAction","target":["https:\/\/iniciativas-innovadoras.es\/eu\/abisu-legala\/"]}]},{"@type":"BreadcrumbList","@id":"https:\/\/iniciativas-innovadoras.es\/eu\/abisu-legala\/#breadcrumb","itemListElement":[{"@type":"ListItem","position":1,"name":"Portada","item":"https:\/\/iniciativas-innovadoras.es\/eu\/"},{"@type":"ListItem","position":2,"name":"Abisu Legala"}]},{"@type":"WebSite","@id":"https:\/\/iniciativas-innovadoras.es\/eu\/#website","url":"https:\/\/iniciativas-innovadoras.es\/eu\/","name":"Iniciativas Innovadoras","description":"Transformamos ideas en proyectos","publisher":{"@id":"https:\/\/iniciativas-innovadoras.es\/eu\/#organization"},"potentialAction":[{"@type":"SearchAction","target":{"@type":"EntryPoint","urlTemplate":"https:\/\/iniciativas-innovadoras.es\/eu\/?s={search_term_string}"},"query-input":{"@type":"PropertyValueSpecification","valueRequired":true,"valueName":"search_term_string"}}],"inLanguage":"eu-ES"},{"@type":"Organization","@id":"https:\/\/iniciativas-innovadoras.es\/eu\/#organization","name":"Iniciativas Innovadoras","url":"https:\/\/iniciativas-innovadoras.es\/eu\/","logo":{"@type":"ImageObject","inLanguage":"eu-ES","@id":"https:\/\/iniciativas-innovadoras.es\/eu\/#\/schema\/logo\/image\/","url":"https:\/\/iniciativas-innovadoras.es\/wp-content\/uploads\/2025\/10\/iniciativas-innovadoras-logo-vertical.png","contentUrl":"https:\/\/iniciativas-innovadoras.es\/wp-content\/uploads\/2025\/10\/iniciativas-innovadoras-logo-vertical.png","width":696,"height":696,"caption":"Iniciativas Innovadoras"},"image":{"@id":"https:\/\/iniciativas-innovadoras.es\/eu\/#\/schema\/logo\/image\/"},"sameAs":["https:\/\/x.com\/iniciativas_in","https:\/\/www.linkedin.com\/company\/iniciativasinnovadoras\/"]}]}},"_links":{"self":[{"href":"https:\/\/iniciativas-innovadoras.es\/eu\/wp-json\/wp\/v2\/pages\/2254","targetHints":{"allow":["GET"]}}],"collection":[{"href":"https:\/\/iniciativas-innovadoras.es\/eu\/wp-json\/wp\/v2\/pages"}],"about":[{"href":"https:\/\/iniciativas-innovadoras.es\/eu\/wp-json\/wp\/v2\/types\/page"}],"author":[{"embeddable":true,"href":"https:\/\/iniciativas-innovadoras.es\/eu\/wp-json\/wp\/v2\/users\/1"}],"replies":[{"embeddable":true,"href":"https:\/\/iniciativas-innovadoras.es\/eu\/wp-json\/wp\/v2\/comments?post=2254"}],"version-history":[{"count":1,"href":"https:\/\/iniciativas-innovadoras.es\/eu\/wp-json\/wp\/v2\/pages\/2254\/revisions"}],"predecessor-version":[{"id":2345,"href":"https:\/\/iniciativas-innovadoras.es\/eu\/wp-json\/wp\/v2\/pages\/2254\/revisions\/2345"}],"wp:attachment":[{"href":"https:\/\/iniciativas-innovadoras.es\/eu\/wp-json\/wp\/v2\/media?parent=2254"}],"curies":[{"name":"wp","href":"https:\/\/api.w.org\/{rel}","templated":true}]}}